{"id":7768,"date":"2024-07-28T21:25:18","date_gmt":"2024-07-29T00:25:18","guid":{"rendered":"https:\/\/espaconuvem.com.br\/sp\/?page_id=7768"},"modified":"2024-07-29T15:56:28","modified_gmt":"2024-07-29T18:56:28","slug":"corporativo","status":"publish","type":"page","link":"https:\/\/espaconuvem.com.br\/sp\/corporativo\/","title":{"rendered":"Corporativo"},"content":{"rendered":"[vc_row type=&#8221;full_width_background&#8221; full_screen_row_position=&#8221;middle&#8221; column_margin=&#8221;90px&#8221; equal_height=&#8221;yes&#8221; content_placement=&#8221;middle&#8221; column_direction=&#8221;default&#8221; column_direction_tablet=&#8221;default&#8221; column_direction_phone=&#8221;default&#8221; bg_color=&#8221;#ffffff&#8221; scene_position=&#8221;center&#8221; top_padding_tablet=&#8221;8%&#8221; bottom_padding_tablet=&#8221;8%&#8221; text_color=&#8221;dark&#8221; text_align=&#8221;left&#8221; row_border_radius=&#8221;none&#8221; row_border_radius_applies=&#8221;bg&#8221; overflow=&#8221;visible&#8221; id=&#8221;home&#8221; overlay_strength=&#8221;0.5&#8243; gradient_direction=&#8221;top_to_bottom&#8221; shape_divider_position=&#8221;bottom&#8221; bg_image_animation=&#8221;none&#8221; shape_type=&#8221;straight_section&#8221;][vc_column column_padding=&#8221;padding-4-percent&#8221; column_padding_tablet=&#8221;no-extra-padding&#8221; column_padding_phone=&#8221;no-extra-padding&#8221; column_padding_position=&#8221;right&#8221; column_element_direction_desktop=&#8221;default&#8221; column_element_spacing=&#8221;10px&#8221; desktop_text_alignment=&#8221;default&#8221; tablet_text_alignment=&#8221;default&#8221; phone_text_alignment=&#8221;default&#8221; background_color_opacity=&#8221;1&#8243; background_hover_color_opacity=&#8221;1&#8243; column_backdrop_filter=&#8221;none&#8221; column_shadow=&#8221;none&#8221; column_border_radius=&#8221;none&#8221; column_link_target=&#8221;_self&#8221; column_position=&#8221;default&#8221; zindex=&#8221;100&#8243; gradient_direction=&#8221;left_t_to_right_b&#8221; overlay_strength=&#8221;0.3&#8243; width=&#8221;1\/2&#8243; tablet_width_inherit=&#8221;default&#8221; animation_type=&#8221;default&#8221; bg_image_animation=&#8221;none&#8221; border_type=&#8221;simple&#8221; column_border_width=&#8221;none&#8221; column_border_style=&#8221;solid&#8221; offset=&#8221;vc_col-xs-12&#8243;][vc_row_inner column_margin=&#8221;default&#8221; column_direction=&#8221;default&#8221; column_direction_tablet=&#8221;default&#8221; column_direction_phone=&#8221;default&#8221; text_align=&#8221;left&#8221; row_position=&#8221;default&#8221; row_position_tablet=&#8221;inherit&#8221; row_position_phone=&#8221;inherit&#8221; overflow=&#8221;visible&#8221; pointer_events=&#8221;all&#8221; min_width=&#8221;47vh&#8221;][vc_column_inner column_padding=&#8221;no-extra-padding&#8221; column_padding_tablet=&#8221;inherit&#8221; column_padding_phone=&#8221;inherit&#8221; column_padding_position=&#8221;all&#8221; top_margin=&#8221;60&#8243; column_element_direction_desktop=&#8221;default&#8221; column_element_spacing=&#8221;5px&#8221; desktop_text_alignment=&#8221;default&#8221; tablet_text_alignment=&#8221;default&#8221; phone_text_alignment=&#8221;default&#8221; background_color_opacity=&#8221;1&#8243; background_hover_color_opacity=&#8221;1&#8243; column_backdrop_filter=&#8221;none&#8221; column_shadow=&#8221;none&#8221; column_border_radius=&#8221;none&#8221; column_link_target=&#8221;_self&#8221; overflow=&#8221;visible&#8221; gradient_direction=&#8221;left_to_right&#8221; overlay_strength=&#8221;0.3&#8243; width=&#8221;1\/1&#8243; tablet_width_inherit=&#8221;default&#8221; animation_type=&#8221;default&#8221; enable_animation=&#8221;true&#8221; animation=&#8221;fade-in-from-bottom&#8221; animation_easing=&#8221;default&#8221; bg_image_animation=&#8221;none&#8221; border_type=&#8221;simple&#8221; column_border_width=&#8221;none&#8221; column_border_style=&#8221;solid&#8221; enable_border_animation=&#8221;true&#8221; column_padding_type=&#8221;default&#8221; gradient_type=&#8221;default&#8221;][vc_column_text css_animation=&#8221;none&#8221; css=&#8221;.vc_custom_1615162291092{margin-bottom: 20px !important;}&#8221;]\n<h3>Por qu\u00ea o Espa\u00e7o Nuvem?<\/h3>\n[\/vc_column_text][\/vc_column_inner][\/vc_row_inner][vc_row_inner column_margin=&#8221;default&#8221; column_direction=&#8221;default&#8221; column_direction_tablet=&#8221;default&#8221; column_direction_phone=&#8221;default&#8221; text_align=&#8221;left&#8221; row_position=&#8221;default&#8221; row_position_tablet=&#8221;inherit&#8221; row_position_phone=&#8221;inherit&#8221; overflow=&#8221;visible&#8221; pointer_events=&#8221;all&#8221; min_width=&#8221;47vh&#8221;][vc_column_inner column_padding=&#8221;no-extra-padding&#8221; column_padding_tablet=&#8221;inherit&#8221; column_padding_phone=&#8221;inherit&#8221; column_padding_position=&#8221;all&#8221; column_element_direction_desktop=&#8221;default&#8221; column_element_spacing=&#8221;5px&#8221; desktop_text_alignment=&#8221;default&#8221; tablet_text_alignment=&#8221;default&#8221; phone_text_alignment=&#8221;default&#8221; background_color_opacity=&#8221;1&#8243; background_hover_color_opacity=&#8221;1&#8243; column_backdrop_filter=&#8221;none&#8221; column_shadow=&#8221;none&#8221; column_border_radius=&#8221;none&#8221; column_link_target=&#8221;_self&#8221; overflow=&#8221;visible&#8221; gradient_direction=&#8221;left_to_right&#8221; overlay_strength=&#8221;0.3&#8243; width=&#8221;1\/1&#8243; tablet_width_inherit=&#8221;default&#8221; animation_type=&#8221;default&#8221; enable_animation=&#8221;true&#8221; animation=&#8221;fade-in-from-bottom&#8221; animation_easing=&#8221;default&#8221; bg_image_animation=&#8221;none&#8221; border_type=&#8221;simple&#8221; column_border_width=&#8221;none&#8221; column_border_style=&#8221;solid&#8221; enable_border_animation=&#8221;true&#8221;][vc_column_text]<b>Equipe formada por quem entende de fazer neg\u00f3cios<\/b><\/p>\n<p><span style=\"font-weight: 400;\">Com uma s\u00f3cia designer e gastr\u00f4noma e a outra publicit\u00e1ria e gestora de neg\u00f3cios, temos vasta experi\u00eancia em ag\u00eancias de publicidade, grandes empresas e empreendedorismo. Aqui, n\u00f3s falamos a sua l\u00edngua.<\/span><\/p>\n<p><span style=\"font-weight: 400;\">S\u00f3cias que juntas somam compet\u00eancias diversas e complementares. <\/span><span style=\"font-weight: 400;\">Mariana, designer e gastr\u00f4noma e Renata, publicit\u00e1ria e gestora de neg\u00f3cios. <\/span><span style=\"font-weight: 400;\">Ambas com vasta experi\u00eancia em ag\u00eancias de publicidade, grandes empresas e empreendedorismo.\u00a0<\/span>[\/vc_column_text][\/vc_column_inner][\/vc_row_inner][vc_row_inner column_margin=&#8221;90px&#8221; column_direction=&#8221;default&#8221; column_direction_tablet=&#8221;default&#8221; column_direction_phone=&#8221;default&#8221; top_padding=&#8221;30&#8243; top_padding_tablet=&#8221;0&#8243; top_padding_phone=&#8221;0&#8243; text_align=&#8221;left&#8221; row_position=&#8221;default&#8221; row_position_tablet=&#8221;inherit&#8221; row_position_phone=&#8221;inherit&#8221; overflow=&#8221;visible&#8221; pointer_events=&#8221;all&#8221;][vc_column_inner column_padding=&#8221;no-extra-padding&#8221; column_padding_tablet=&#8221;inherit&#8221; column_padding_phone=&#8221;inherit&#8221; column_padding_position=&#8221;all&#8221; top_margin=&#8221;20&#8243; bottom_margin=&#8221;20&#8243; column_element_direction_desktop=&#8221;default&#8221; column_element_spacing=&#8221;default&#8221; desktop_text_alignment=&#8221;default&#8221; tablet_text_alignment=&#8221;default&#8221; phone_text_alignment=&#8221;default&#8221; background_color_opacity=&#8221;1&#8243; background_hover_color_opacity=&#8221;1&#8243; column_backdrop_filter=&#8221;none&#8221; column_shadow=&#8221;none&#8221; column_border_radius=&#8221;none&#8221; column_link_target=&#8221;_self&#8221; overflow=&#8221;visible&#8221; gradient_direction=&#8221;left_to_right&#8221; overlay_strength=&#8221;0.3&#8243; width=&#8221;1\/2&#8243; tablet_width_inherit=&#8221;small_desktop&#8221; animation_type=&#8221;default&#8221; enable_animation=&#8221;true&#8221; animation=&#8221;fade-in-from-bottom&#8221; animation_easing=&#8221;default&#8221; bg_image_animation=&#8221;none&#8221; border_type=&#8221;simple&#8221; column_border_width=&#8221;none&#8221; column_border_style=&#8221;solid&#8221; offset=&#8221;vc_col-lg-6 vc_col-md-12&#8243;][vc_column_text css_animation=&#8221;none&#8221; css=&#8221;.vc_custom_1615162320908{margin-bottom: 10px !important;}&#8221;]\n<h4>Bom gosto e criatividade<\/h4>\n[\/vc_column_text][vc_column_text]<span style=\"font-weight: 400;\">Aqui voc\u00ea pode confiar que sua a\u00e7\u00e3o de marketing sair\u00e1 do jeitinho que imaginou.\u00a0<\/span><\/p>\n<p><span style=\"font-weight: 400;\">A gente te ajuda a fazer da sua campanha um sucesso, com nosso olhar cl\u00ednico e extremamente detalhista para a parte gr\u00e1fica, layout, texto e alta gastronomia. <\/span>[\/vc_column_text][\/vc_column_inner][vc_column_inner column_padding=&#8221;no-extra-padding&#8221; column_padding_tablet=&#8221;inherit&#8221; column_padding_phone=&#8221;inherit&#8221; column_padding_position=&#8221;all&#8221; top_margin=&#8221;20&#8243; bottom_margin=&#8221;20&#8243; column_element_direction_desktop=&#8221;default&#8221; column_element_spacing=&#8221;default&#8221; desktop_text_alignment=&#8221;default&#8221; tablet_text_alignment=&#8221;default&#8221; phone_text_alignment=&#8221;default&#8221; background_color_opacity=&#8221;1&#8243; background_hover_color_opacity=&#8221;1&#8243; column_backdrop_filter=&#8221;none&#8221; column_shadow=&#8221;none&#8221; column_border_radius=&#8221;none&#8221; column_link_target=&#8221;_self&#8221; overflow=&#8221;visible&#8221; gradient_direction=&#8221;left_to_right&#8221; overlay_strength=&#8221;0.3&#8243; width=&#8221;1\/2&#8243; tablet_width_inherit=&#8221;small_desktop&#8221; animation_type=&#8221;default&#8221; enable_animation=&#8221;true&#8221; animation=&#8221;fade-in-from-bottom&#8221; animation_easing=&#8221;default&#8221; bg_image_animation=&#8221;none&#8221; border_type=&#8221;simple&#8221; column_border_width=&#8221;none&#8221; column_border_style=&#8221;solid&#8221; offset=&#8221;vc_col-lg-6 vc_col-md-12&#8243;][vc_column_text css_animation=&#8221;none&#8221; css=&#8221;.vc_custom_1615162311994{margin-bottom: 10px !important;}&#8221;]\n<h4>Capacidade de atendimento<\/h4>\n[\/vc_column_text][vc_column_text]<span style=\"font-weight: 400;\">Com a nossa experi\u00eancia conseguimos atender todo tipo de demanda, das mais simples e r\u00e1pidas \u00e0s mais complexas que precisam de personaliza\u00e7\u00e3o e log\u00edstica. Conseguimos enviar cestas de presente para todo o Brasil e voc\u00ea n\u00e3o precisa se preocupar com nada, s\u00f3 precisamos de anteced\u00eancia. <\/span>[\/vc_column_text][\/vc_column_inner][\/vc_row_inner][\/vc_column][vc_column column_padding=&#8221;no-extra-padding&#8221; column_padding_tablet=&#8221;inherit&#8221; column_padding_phone=&#8221;inherit&#8221; column_padding_position=&#8221;all&#8221; column_element_direction_desktop=&#8221;default&#8221; column_element_spacing=&#8221;default&#8221; desktop_text_alignment=&#8221;default&#8221; tablet_text_alignment=&#8221;default&#8221; phone_text_alignment=&#8221;default&#8221; background_color_opacity=&#8221;1&#8243; background_hover_color_opacity=&#8221;1&#8243; column_backdrop_filter=&#8221;none&#8221; column_shadow=&#8221;none&#8221; column_border_radius=&#8221;none&#8221; column_link_target=&#8221;_self&#8221; column_position=&#8221;default&#8221; gradient_direction=&#8221;left_to_right&#8221; overlay_strength=&#8221;0.5&#8243; width=&#8221;1\/2&#8243; tablet_width_inherit=&#8221;default&#8221; animation_type=&#8221;default&#8221; bg_image_animation=&#8221;none&#8221; border_type=&#8221;simple&#8221; column_border_width=&#8221;none&#8221; column_border_style=&#8221;solid&#8221; offset=&#8221;vc_col-xs-12&#8243;][vc_row_inner column_margin=&#8221;default&#8221; column_direction=&#8221;default&#8221; column_direction_tablet=&#8221;default&#8221; column_direction_phone=&#8221;default&#8221; text_align=&#8221;left&#8221; row_position=&#8221;default&#8221; row_position_tablet=&#8221;inherit&#8221; row_position_phone=&#8221;inherit&#8221; overflow=&#8221;visible&#8221; pointer_events=&#8221;all&#8221;][vc_column_inner column_padding=&#8221;no-extra-padding&#8221; column_padding_tablet=&#8221;inherit&#8221; column_padding_phone=&#8221;inherit&#8221; column_padding_position=&#8221;all&#8221; top_margin=&#8221;80&#8243; column_element_direction_desktop=&#8221;default&#8221; column_element_spacing=&#8221;default&#8221; desktop_text_alignment=&#8221;default&#8221; tablet_text_alignment=&#8221;default&#8221; phone_text_alignment=&#8221;default&#8221; background_color_opacity=&#8221;1&#8243; background_hover_color_opacity=&#8221;1&#8243; background_image=&#8221;2347&#8243; background_image_position=&#8221;center bottom&#8221; background_image_stacking=&#8221;default&#8221; enable_bg_scale=&#8221;true&#8221; background_image_loading=&#8221;default&#8221; column_backdrop_filter=&#8221;none&#8221; column_shadow=&#8221;none&#8221; column_border_radius=&#8221;none&#8221; column_link_target=&#8221;_self&#8221; overflow=&#8221;visible&#8221; gradient_direction=&#8221;left_to_right&#8221; overlay_strength=&#8221;0.5&#8243; width=&#8221;1\/1&#8243; tablet_width_inherit=&#8221;default&#8221; animation_type=&#8221;default&#8221; bg_image_animation=&#8221;none&#8221; parallax_bg=&#8221;true&#8221; parallax_bg_speed=&#8221;fast&#8221; border_type=&#8221;simple&#8221; column_border_width=&#8221;none&#8221; column_border_style=&#8221;solid&#8221; column_padding_type=&#8221;default&#8221; gradient_type=&#8221;default&#8221;][divider line_type=&#8221;No Line&#8221; custom_height=&#8221;55vh&#8221; custom_height_tablet=&#8221;40vh&#8221; custom_height_phone=&#8221;300px&#8221;][\/vc_column_inner][\/vc_row_inner][\/vc_column][\/vc_row][vc_row type=&#8221;in_container&#8221; full_screen_row_position=&#8221;middle&#8221; column_margin=&#8221;default&#8221; column_direction=&#8221;default&#8221; column_direction_tablet=&#8221;default&#8221; column_direction_phone=&#8221;default&#8221; scene_position=&#8221;center&#8221; text_color=&#8221;dark&#8221; text_align=&#8221;left&#8221; row_border_radius=&#8221;none&#8221; row_border_radius_applies=&#8221;bg&#8221; overflow=&#8221;visible&#8221; overlay_strength=&#8221;0.3&#8243; gradient_direction=&#8221;left_to_right&#8221; shape_divider_position=&#8221;bottom&#8221; bg_image_animation=&#8221;none&#8221;][vc_column column_padding=&#8221;no-extra-padding&#8221; column_padding_tablet=&#8221;inherit&#8221; column_padding_phone=&#8221;inherit&#8221; column_padding_position=&#8221;all&#8221; top_margin=&#8221;40&#8243; column_element_direction_desktop=&#8221;default&#8221; column_element_spacing=&#8221;default&#8221; desktop_text_alignment=&#8221;default&#8221; tablet_text_alignment=&#8221;default&#8221; phone_text_alignment=&#8221;default&#8221; background_color_opacity=&#8221;1&#8243; background_hover_color_opacity=&#8221;1&#8243; column_backdrop_filter=&#8221;none&#8221; column_shadow=&#8221;none&#8221; column_border_radius=&#8221;none&#8221; column_link_target=&#8221;_self&#8221; column_position=&#8221;default&#8221; gradient_direction=&#8221;left_to_right&#8221; overlay_strength=&#8221;0.3&#8243; width=&#8221;1\/1&#8243; tablet_width_inherit=&#8221;default&#8221; animation_type=&#8221;default&#8221; bg_image_animation=&#8221;none&#8221; border_type=&#8221;simple&#8221; column_border_width=&#8221;none&#8221; column_border_style=&#8221;solid&#8221; column_padding_type=&#8221;default&#8221; gradient_type=&#8221;default&#8221;][vc_column_text]\n<p style=\"text-align: center;\"><strong>Entre em contato com a nossa equipe e conhe\u00e7a o nosso jeito de fazer a diferen\u00e7a.<\/strong><\/p>\n<p style=\"text-align: center;\"><strong>21 98501-1650 \u00a0\u00a0 \u00a0\u00a0 <a href=\"mailto:oi@espaconuvem.com.br\">oi@espaconuvem.com.br<\/a><\/strong><\/p>\n[\/vc_column_text][\/vc_column][\/vc_row]\n","protected":false},"excerpt":{"rendered":"<p>[vc_row type=&#8221;full_width_background&#8221; full_screen_row_position=&#8221;middle&#8221; column_margin=&#8221;90px&#8221; equal_height=&#8221;yes&#8221; content_placement=&#8221;middle&#8221; column_direction=&#8221;default&#8221; column_direction_tablet=&#8221;default&#8221; column_direction_phone=&#8221;default&#8221; bg_color=&#8221;#ffffff&#8221; scene_position=&#8221;center&#8221; top_padding_tablet=&#8221;8%&#8221; bottom_padding_tablet=&#8221;8%&#8221; text_color=&#8221;dark&#8221; text_align=&#8221;left&#8221; row_border_radius=&#8221;none&#8221; row_border_radius_applies=&#8221;bg&#8221; overflow=&#8221;visible&#8221; id=&#8221;home&#8221; overlay_strength=&#8221;0.5&#8243; gradient_direction=&#8221;top_to_bottom&#8221; shape_divider_position=&#8221;bottom&#8221; bg_image_animation=&#8221;none&#8221; shape_type=&#8221;straight_section&#8221;][vc_column column_padding=&#8221;padding-4-percent&#8221; column_padding_tablet=&#8221;no-extra-padding&#8221; column_padding_phone=&#8221;no-extra-padding&#8221; column_padding_position=&#8221;right&#8221; column_element_direction_desktop=&#8221;default&#8221; column_element_spacing=&#8221;10px&#8221;&#8230;<\/p>\n","protected":false},"author":2,"featured_media":0,"parent":0,"menu_order":0,"comment_status":"closed","ping_status":"closed","template":"","meta":{"footnotes":""},"class_list":["post-7768","page","type-page","status-publish"],"yoast_head":"<!-- This site is optimized with the Yoast SEO Premium plugin v21.3 (Yoast SEO v26.3) - https:\/\/yoast.com\/wordpress\/plugins\/seo\/ -->\n<title>Corporativo - Espa\u00e7o Nuvem<\/title>\n<meta name=\"description\" content=\"Corporativo do Espa\u00e7o Nuvem. Cestas Personalizadas e com produtos selecionados para sua empresa presentear colaboradores e parceiros.\" \/>\n<meta name=\"robots\" content=\"index, follow, max-snippet:-1, max-image-preview:large, max-video-preview:-1\" \/>\n<link rel=\"canonical\" href=\"https:\/\/espaconuvem.com.br\/sp\/corporativo\/\" \/>\n<meta property=\"og:locale\" content=\"pt_BR\" \/>\n<meta property=\"og:type\" content=\"article\" \/>\n<meta property=\"og:title\" content=\"Corporativo\" \/>\n<meta property=\"og:description\" content=\"Corporativo do Espa\u00e7o Nuvem. Cestas Personalizadas e com produtos selecionados para sua empresa presentear colaboradores e parceiros.\" \/>\n<meta property=\"og:url\" content=\"https:\/\/espaconuvem.com.br\/sp\/corporativo\/\" \/>\n<meta property=\"og:site_name\" content=\"Espa\u00e7o Nuvem\" \/>\n<meta property=\"article:publisher\" content=\"https:\/\/www.facebook.com\/espaco.nuvem.rj\" \/>\n<meta property=\"article:modified_time\" content=\"2024-07-29T18:56:28+00:00\" \/>\n<meta property=\"og:image\" content=\"https:\/\/espaconuvem.com.br\/sp\/wp-content\/uploads\/2023\/08\/IMG_3076.jpg\" \/>\n\t<meta property=\"og:image:width\" content=\"2048\" \/>\n\t<meta property=\"og:image:height\" content=\"1536\" \/>\n\t<meta property=\"og:image:type\" content=\"image\/jpeg\" \/>\n<meta name=\"twitter:card\" content=\"summary_large_image\" \/>\n<meta name=\"twitter:label1\" content=\"Est. tempo de leitura\" \/>\n\t<meta name=\"twitter:data1\" content=\"4 minutos\" \/>\n<script type=\"application\/ld+json\" class=\"yoast-schema-graph\">{\"@context\":\"https:\/\/schema.org\",\"@graph\":[{\"@type\":\"WebPage\",\"@id\":\"https:\/\/espaconuvem.com.br\/sp\/corporativo\/\",\"url\":\"https:\/\/espaconuvem.com.br\/sp\/corporativo\/\",\"name\":\"Corporativo - Espa\u00e7o Nuvem\",\"isPartOf\":{\"@id\":\"https:\/\/espaconuvem.com.br\/sp\/#website\"},\"datePublished\":\"2024-07-29T00:25:18+00:00\",\"dateModified\":\"2024-07-29T18:56:28+00:00\",\"description\":\"Corporativo do Espa\u00e7o Nuvem. Cestas Personalizadas e com produtos selecionados para sua empresa presentear colaboradores e parceiros.\",\"breadcrumb\":{\"@id\":\"https:\/\/espaconuvem.com.br\/sp\/corporativo\/#breadcrumb\"},\"inLanguage\":\"pt-BR\",\"potentialAction\":[{\"@type\":\"ReadAction\",\"target\":[\"https:\/\/espaconuvem.com.br\/sp\/corporativo\/\"]}]},{\"@type\":\"BreadcrumbList\",\"@id\":\"https:\/\/espaconuvem.com.br\/sp\/corporativo\/#breadcrumb\",\"itemListElement\":[{\"@type\":\"ListItem\",\"position\":1,\"name\":\"In\u00edcio\",\"item\":\"https:\/\/espaconuvem.com.br\/sp\/\"},{\"@type\":\"ListItem\",\"position\":2,\"name\":\"Corporativo\"}]},{\"@type\":\"WebSite\",\"@id\":\"https:\/\/espaconuvem.com.br\/sp\/#website\",\"url\":\"https:\/\/espaconuvem.com.br\/sp\/\",\"name\":\"Espa\u00e7o Nuvem - Cestas de Presente\",\"description\":\"Cestas de Caf\u00e9 da Manh\u00e3 e Cestas de Queijos e Vinho\",\"publisher\":{\"@id\":\"https:\/\/espaconuvem.com.br\/sp\/#organization\"},\"alternateName\":\"Espa\u00e7o Nuvem - Cestas de Presente\",\"potentialAction\":[{\"@type\":\"SearchAction\",\"target\":{\"@type\":\"EntryPoint\",\"urlTemplate\":\"https:\/\/espaconuvem.com.br\/sp\/?s={search_term_string}\"},\"query-input\":{\"@type\":\"PropertyValueSpecification\",\"valueRequired\":true,\"valueName\":\"search_term_string\"}}],\"inLanguage\":\"pt-BR\"},{\"@type\":\"Organization\",\"@id\":\"https:\/\/espaconuvem.com.br\/sp\/#organization\",\"name\":\"Espa\u00e7o Nuvem - Cestas de Presente\",\"url\":\"https:\/\/espaconuvem.com.br\/sp\/\",\"logo\":{\"@type\":\"ImageObject\",\"inLanguage\":\"pt-BR\",\"@id\":\"https:\/\/espaconuvem.com.br\/sp\/#\/schema\/logo\/image\/\",\"url\":\"https:\/\/i0.wp.com\/espaconuvem.com.br\/wp-content\/uploads\/2023\/08\/Artboard-11-2.png?fit=277%2C86&ssl=1\",\"contentUrl\":\"https:\/\/i0.wp.com\/espaconuvem.com.br\/wp-content\/uploads\/2023\/08\/Artboard-11-2.png?fit=277%2C86&ssl=1\",\"width\":277,\"height\":86,\"caption\":\"Espa\u00e7o Nuvem - Cestas de Presente\"},\"image\":{\"@id\":\"https:\/\/espaconuvem.com.br\/sp\/#\/schema\/logo\/image\/\"},\"sameAs\":[\"https:\/\/www.facebook.com\/espaco.nuvem.rj\",\"https:\/\/www.instagram.com\/espaco.nuvem\/\"]}]}<\/script>\n<!-- \/ Yoast SEO Premium plugin. -->","yoast_head_json":{"title":"Corporativo - Espa\u00e7o Nuvem","description":"Corporativo do Espa\u00e7o Nuvem. Cestas Personalizadas e com produtos selecionados para sua empresa presentear colaboradores e parceiros.","robots":{"index":"index","follow":"follow","max-snippet":"max-snippet:-1","max-image-preview":"max-image-preview:large","max-video-preview":"max-video-preview:-1"},"canonical":"https:\/\/espaconuvem.com.br\/sp\/corporativo\/","og_locale":"pt_BR","og_type":"article","og_title":"Corporativo","og_description":"Corporativo do Espa\u00e7o Nuvem. Cestas Personalizadas e com produtos selecionados para sua empresa presentear colaboradores e parceiros.","og_url":"https:\/\/espaconuvem.com.br\/sp\/corporativo\/","og_site_name":"Espa\u00e7o Nuvem","article_publisher":"https:\/\/www.facebook.com\/espaco.nuvem.rj","article_modified_time":"2024-07-29T18:56:28+00:00","og_image":[{"width":2048,"height":1536,"url":"https:\/\/espaconuvem.com.br\/sp\/wp-content\/uploads\/2023\/08\/IMG_3076.jpg","type":"image\/jpeg"}],"twitter_card":"summary_large_image","twitter_misc":{"Est. tempo de leitura":"4 minutos"},"schema":{"@context":"https:\/\/schema.org","@graph":[{"@type":"WebPage","@id":"https:\/\/espaconuvem.com.br\/sp\/corporativo\/","url":"https:\/\/espaconuvem.com.br\/sp\/corporativo\/","name":"Corporativo - Espa\u00e7o Nuvem","isPartOf":{"@id":"https:\/\/espaconuvem.com.br\/sp\/#website"},"datePublished":"2024-07-29T00:25:18+00:00","dateModified":"2024-07-29T18:56:28+00:00","description":"Corporativo do Espa\u00e7o Nuvem. Cestas Personalizadas e com produtos selecionados para sua empresa presentear colaboradores e parceiros.","breadcrumb":{"@id":"https:\/\/espaconuvem.com.br\/sp\/corporativo\/#breadcrumb"},"inLanguage":"pt-BR","potentialAction":[{"@type":"ReadAction","target":["https:\/\/espaconuvem.com.br\/sp\/corporativo\/"]}]},{"@type":"BreadcrumbList","@id":"https:\/\/espaconuvem.com.br\/sp\/corporativo\/#breadcrumb","itemListElement":[{"@type":"ListItem","position":1,"name":"In\u00edcio","item":"https:\/\/espaconuvem.com.br\/sp\/"},{"@type":"ListItem","position":2,"name":"Corporativo"}]},{"@type":"WebSite","@id":"https:\/\/espaconuvem.com.br\/sp\/#website","url":"https:\/\/espaconuvem.com.br\/sp\/","name":"Espa\u00e7o Nuvem - Cestas de Presente","description":"Cestas de Caf\u00e9 da Manh\u00e3 e Cestas de Queijos e Vinho","publisher":{"@id":"https:\/\/espaconuvem.com.br\/sp\/#organization"},"alternateName":"Espa\u00e7o Nuvem - Cestas de Presente","potentialAction":[{"@type":"SearchAction","target":{"@type":"EntryPoint","urlTemplate":"https:\/\/espaconuvem.com.br\/sp\/?s={search_term_string}"},"query-input":{"@type":"PropertyValueSpecification","valueRequired":true,"valueName":"search_term_string"}}],"inLanguage":"pt-BR"},{"@type":"Organization","@id":"https:\/\/espaconuvem.com.br\/sp\/#organization","name":"Espa\u00e7o Nuvem - Cestas de Presente","url":"https:\/\/espaconuvem.com.br\/sp\/","logo":{"@type":"ImageObject","inLanguage":"pt-BR","@id":"https:\/\/espaconuvem.com.br\/sp\/#\/schema\/logo\/image\/","url":"https:\/\/i0.wp.com\/espaconuvem.com.br\/wp-content\/uploads\/2023\/08\/Artboard-11-2.png?fit=277%2C86&ssl=1","contentUrl":"https:\/\/i0.wp.com\/espaconuvem.com.br\/wp-content\/uploads\/2023\/08\/Artboard-11-2.png?fit=277%2C86&ssl=1","width":277,"height":86,"caption":"Espa\u00e7o Nuvem - Cestas de Presente"},"image":{"@id":"https:\/\/espaconuvem.com.br\/sp\/#\/schema\/logo\/image\/"},"sameAs":["https:\/\/www.facebook.com\/espaco.nuvem.rj","https:\/\/www.instagram.com\/espaco.nuvem\/"]}]}},"jetpack_sharing_enabled":true,"_links":{"self":[{"href":"https:\/\/espaconuvem.com.br\/sp\/wp-json\/wp\/v2\/pages\/7768","targetHints":{"allow":["GET"]}}],"collection":[{"href":"https:\/\/espaconuvem.com.br\/sp\/wp-json\/wp\/v2\/pages"}],"about":[{"href":"https:\/\/espaconuvem.com.br\/sp\/wp-json\/wp\/v2\/types\/page"}],"author":[{"embeddable":true,"href":"https:\/\/espaconuvem.com.br\/sp\/wp-json\/wp\/v2\/users\/2"}],"replies":[{"embeddable":true,"href":"https:\/\/espaconuvem.com.br\/sp\/wp-json\/wp\/v2\/comments?post=7768"}],"version-history":[{"count":6,"href":"https:\/\/espaconuvem.com.br\/sp\/wp-json\/wp\/v2\/pages\/7768\/revisions"}],"predecessor-version":[{"id":7812,"href":"https:\/\/espaconuvem.com.br\/sp\/wp-json\/wp\/v2\/pages\/7768\/revisions\/7812"}],"wp:attachment":[{"href":"https:\/\/espaconuvem.com.br\/sp\/wp-json\/wp\/v2\/media?parent=7768"}],"curies":[{"name":"wp","href":"https:\/\/api.w.org\/{rel}","templated":true}]}}