{"id":2296,"date":"2023-10-10T12:33:32","date_gmt":"2023-10-10T15:33:32","guid":{"rendered":"https:\/\/espaconuvem.com.br\/sp\/?page_id=2296"},"modified":"2023-10-10T14:45:09","modified_gmt":"2023-10-10T17:45:09","slug":"criar-conta","status":"publish","type":"page","link":"https:\/\/espaconuvem.com.br\/sp\/criar-conta\/","title":{"rendered":"Criar conta"},"content":{"rendered":"[vc_row type=&#8221;in_container&#8221; full_screen_row_position=&#8221;middle&#8221; column_margin=&#8221;default&#8221; column_direction=&#8221;default&#8221; column_direction_tablet=&#8221;default&#8221; column_direction_phone=&#8221;default&#8221; scene_position=&#8221;center&#8221; text_color=&#8221;dark&#8221; text_align=&#8221;left&#8221; row_border_radius=&#8221;none&#8221; row_border_radius_applies=&#8221;bg&#8221; overflow=&#8221;visible&#8221; overlay_strength=&#8221;0.3&#8243; gradient_direction=&#8221;left_to_right&#8221; shape_divider_position=&#8221;bottom&#8221; bg_image_animation=&#8221;none&#8221;][vc_column column_padding=&#8221;no-extra-padding&#8221; column_padding_tablet=&#8221;inherit&#8221; column_padding_phone=&#8221;inherit&#8221; column_padding_position=&#8221;all&#8221; column_element_direction_desktop=&#8221;default&#8221; column_element_spacing=&#8221;default&#8221; desktop_text_alignment=&#8221;default&#8221; tablet_text_alignment=&#8221;default&#8221; phone_text_alignment=&#8221;default&#8221; background_color_opacity=&#8221;1&#8243; background_hover_color_opacity=&#8221;1&#8243; column_backdrop_filter=&#8221;none&#8221; column_shadow=&#8221;none&#8221; column_border_radius=&#8221;none&#8221; column_link_target=&#8221;_self&#8221; column_position=&#8221;default&#8221; gradient_direction=&#8221;left_to_right&#8221; overlay_strength=&#8221;0.3&#8243; width=&#8221;1\/1&#8243; tablet_width_inherit=&#8221;default&#8221; animation_type=&#8221;default&#8221; bg_image_animation=&#8221;none&#8221; border_type=&#8221;simple&#8221; column_border_width=&#8221;none&#8221; column_border_style=&#8221;solid&#8221;][vc_column_text]<div class=\"registration\" id=\"wpuf-registration-form\">\n\n    \n            \n    <form name=\"registrationform\" class=\"wpuf-registration-form\" id=\"registrationform\" action=\"https:\/\/espaconuvem.com.br\/sp\/criar-conta\/\" method=\"post\">\n\n        <ul class=\"wpuf-form form-label-above\">\n            <li>\n                <div class=\"wpuf-label\">Name <span class=\"required\">*<\/span><\/div>\n                <div class=\"wpuf-fields\">\n                    <div class=\"wpuf-name-field-wrap format-first-last\">\n                        <div class=\"wpuf-name-field-first-name\">\n                            <input type=\"text\" name=\"reg_fname\" id=\"wpuf-user_fname\" class=\"input\" value=\"\" size=\"\" \/>\n                            <label class=\"wpuf-form-sub-label\">First<\/label>\n                        <\/div>\n\n                        <div class=\"wpuf-name-field-last-name\">\n                            <input type=\"text\" name=\"reg_lname\" id=\"wpuf-user_lname\" class=\"input\" value=\"\" size=\"16\" \/>\n                            <label class=\"wpuf-form-sub-label\">Last<\/label>\n                        <\/div>\n                    <\/div>\n                <\/div>\n            <\/li>\n\n            <li>\n                <div class=\"wpuf-label\">Email <span class=\"required\">*<\/span><\/div>\n                <div class=\"wpuf-fields\">\n                    <input type=\"text\" name=\"reg_email\" id=\"wpuf-user_email\" class=\"input\" value=\"\" size=\"40\">\n                <\/div>\n            <\/li>\n\n            <li>\n                <div class=\"wpuf-label\">Username <span class=\"required\">*<\/span><\/div>\n                <div class=\"wpuf-fields\">\n                    <input type=\"text\" name=\"log\" id=\"wpuf-user_login\" class=\"input\" value=\"\" size=\"40\" \/>\n                <\/div>\n            <\/li>\n\n            <li>\n                <div class=\"wpuf-label\">Password <span class=\"required\">*<\/span><\/div>\n                <div class=\"wpuf-fields-inline\" style=\"position: relative; width: fit-content\">\n                    <input type=\"password\" name=\"pwd1\" id=\"wpuf-user_pass1\" class=\"input\" value=\"\" size=\"40\" \/>\n                    <img decoding=\"async\" class=\"wpuf-eye\" src=\"https:\/\/espaconuvem.com.br\/sp\/wp-content\/plugins\/wp-user-frontend\/assets\/images\/eye.svg\" alt=\"\">\n                <\/div>\n            <\/li>\n\n            <li>\n                <div class=\"wpuf-label\">Confirm Password <span class=\"required\">*<\/span><\/div>\n                <div class=\"wpuf-fields-inline\" style=\"position: relative; width: fit-content\">\n                    <input type=\"password\" name=\"pwd2\" id=\"wpuf-user_pass2\" class=\"input\" value=\"\" size=\"40\" \/>\n                    <img decoding=\"async\" class=\"wpuf-eye\" src=\"https:\/\/espaconuvem.com.br\/sp\/wp-content\/plugins\/wp-user-frontend\/assets\/images\/eye.svg\" alt=\"\">\n                <\/div>\n            <\/li>\n\n            <li class=\"wpuf-submit\">\n                <input type=\"submit\" name=\"wp-submit\" id=\"wp-submit\" value=\"Register\" \/>\n                <input type=\"hidden\" name=\"urhidden\" value=\"R6atqGA68\/73QLN9Cx8N7Q==\" \/>\n                <input type=\"hidden\" name=\"user_nonce\" value=\"lCYjMZXTkFHNKwJJiAi0N6P\/QcSOqGlh\" \/>\n                <input type=\"hidden\" name=\"redirect_to\" value=\"\" \/>\n                <input type=\"hidden\" name=\"wpuf_registration\" value=\"true\" \/>\n                <input type=\"hidden\" name=\"action\" value=\"registration\" \/>\n\n                <input type=\"hidden\" id=\"_wpnonce\" name=\"_wpnonce\" value=\"35e86dc523\" \/><input type=\"hidden\" name=\"_wp_http_referer\" value=\"\/sp\/wp-json\/wp\/v2\/pages\/2296\" \/>            <\/li>\n\n            <li>\n                <a href=\"https:\/\/espaconuvem.com.br\/sp\/login\/\">Log In<\/a> | <a href=\"https:\/\/espaconuvem.com.br\/sp\/login\/?action=lostpassword\">Lost Password<\/a>            <\/li>\n\n            \n        <\/ul>\n    <\/form>\n<\/div>\n[\/vc_column_text][\/vc_column][\/vc_row]\n","protected":false},"excerpt":{"rendered":"<p>[vc_row type=&#8221;in_container&#8221; full_screen_row_position=&#8221;middle&#8221; column_margin=&#8221;default&#8221; column_direction=&#8221;default&#8221; column_direction_tablet=&#8221;default&#8221; column_direction_phone=&#8221;default&#8221; scene_position=&#8221;center&#8221; text_color=&#8221;dark&#8221; text_align=&#8221;left&#8221; row_border_radius=&#8221;none&#8221; row_border_radius_applies=&#8221;bg&#8221; overflow=&#8221;visible&#8221; overlay_strength=&#8221;0.3&#8243; gradient_direction=&#8221;left_to_right&#8221; shape_divider_position=&#8221;bottom&#8221; bg_image_animation=&#8221;none&#8221;][vc_column column_padding=&#8221;no-extra-padding&#8221; column_padding_tablet=&#8221;inherit&#8221; column_padding_phone=&#8221;inherit&#8221; column_padding_position=&#8221;all&#8221; column_element_direction_desktop=&#8221;default&#8221; column_element_spacing=&#8221;default&#8221; desktop_text_alignment=&#8221;default&#8221; tablet_text_alignment=&#8221;default&#8221; phone_text_alignment=&#8221;default&#8221; background_color_opacity=&#8221;1&#8243; background_hover_color_opacity=&#8221;1&#8243; column_backdrop_filter=&#8221;none&#8221; column_shadow=&#8221;none&#8221;&#8230;<\/p>\n","protected":false},"author":2,"featured_media":0,"parent":0,"menu_order":0,"comment_status":"closed","ping_status":"closed","template":"","meta":{"footnotes":""},"class_list":["post-2296","page","type-page","status-publish"],"yoast_head":"<!-- This site is optimized with the Yoast SEO Premium plugin v21.3 (Yoast SEO v26.3) - https:\/\/yoast.com\/wordpress\/plugins\/seo\/ -->\n<title>Criar conta - Espa\u00e7o Nuvem<\/title>\n<meta name=\"robots\" content=\"index, follow, max-snippet:-1, max-image-preview:large, max-video-preview:-1\" \/>\n<link rel=\"canonical\" href=\"https:\/\/espaconuvem.com.br\/sp\/criar-conta\/\" \/>\n<meta property=\"og:locale\" content=\"pt_BR\" \/>\n<meta property=\"og:type\" content=\"article\" \/>\n<meta property=\"og:title\" content=\"Criar conta\" \/>\n<meta property=\"og:description\" content=\"[vc_row type=&#8221;in_container&#8221; full_screen_row_position=&#8221;middle&#8221; column_margin=&#8221;default&#8221; column_direction=&#8221;default&#8221; column_direction_tablet=&#8221;default&#8221; column_direction_phone=&#8221;default&#8221; scene_position=&#8221;center&#8221; text_color=&#8221;dark&#8221; text_align=&#8221;left&#8221; row_border_radius=&#8221;none&#8221; row_border_radius_applies=&#8221;bg&#8221; overflow=&#8221;visible&#8221; overlay_strength=&#8221;0.3&#8243; gradient_direction=&#8221;left_to_right&#8221; shape_divider_position=&#8221;bottom&#8221; bg_image_animation=&#8221;none&#8221;][vc_column column_padding=&#8221;no-extra-padding&#8221; column_padding_tablet=&#8221;inherit&#8221; column_padding_phone=&#8221;inherit&#8221; column_padding_position=&#8221;all&#8221; column_element_direction_desktop=&#8221;default&#8221; column_element_spacing=&#8221;default&#8221; desktop_text_alignment=&#8221;default&#8221; tablet_text_alignment=&#8221;default&#8221; phone_text_alignment=&#8221;default&#8221; background_color_opacity=&#8221;1&#8243; background_hover_color_opacity=&#8221;1&#8243; column_backdrop_filter=&#8221;none&#8221; column_shadow=&#8221;none&#8221;...\" \/>\n<meta property=\"og:url\" content=\"https:\/\/espaconuvem.com.br\/sp\/criar-conta\/\" \/>\n<meta property=\"og:site_name\" content=\"Espa\u00e7o Nuvem\" \/>\n<meta property=\"article:publisher\" content=\"https:\/\/www.facebook.com\/espaco.nuvem.rj\" \/>\n<meta property=\"article:modified_time\" content=\"2023-10-10T17:45:09+00:00\" \/>\n<meta property=\"og:image\" content=\"https:\/\/espaconuvem.com.br\/sp\/wp-content\/uploads\/2023\/08\/IMG_3076.jpg\" \/>\n\t<meta property=\"og:image:width\" content=\"2048\" \/>\n\t<meta property=\"og:image:height\" content=\"1536\" \/>\n\t<meta property=\"og:image:type\" content=\"image\/jpeg\" \/>\n<meta name=\"twitter:card\" content=\"summary_large_image\" \/>\n<meta name=\"twitter:label1\" content=\"Est. tempo de leitura\" \/>\n\t<meta name=\"twitter:data1\" content=\"1 minuto\" \/>\n<script type=\"application\/ld+json\" class=\"yoast-schema-graph\">{\"@context\":\"https:\/\/schema.org\",\"@graph\":[{\"@type\":\"WebPage\",\"@id\":\"https:\/\/espaconuvem.com.br\/sp\/criar-conta\/\",\"url\":\"https:\/\/espaconuvem.com.br\/sp\/criar-conta\/\",\"name\":\"Criar conta - Espa\u00e7o Nuvem\",\"isPartOf\":{\"@id\":\"https:\/\/espaconuvem.com.br\/sp\/#website\"},\"datePublished\":\"2023-10-10T15:33:32+00:00\",\"dateModified\":\"2023-10-10T17:45:09+00:00\",\"breadcrumb\":{\"@id\":\"https:\/\/espaconuvem.com.br\/sp\/criar-conta\/#breadcrumb\"},\"inLanguage\":\"pt-BR\",\"potentialAction\":[{\"@type\":\"ReadAction\",\"target\":[\"https:\/\/espaconuvem.com.br\/sp\/criar-conta\/\"]}]},{\"@type\":\"BreadcrumbList\",\"@id\":\"https:\/\/espaconuvem.com.br\/sp\/criar-conta\/#breadcrumb\",\"itemListElement\":[{\"@type\":\"ListItem\",\"position\":1,\"name\":\"In\u00edcio\",\"item\":\"https:\/\/espaconuvem.com.br\/sp\/\"},{\"@type\":\"ListItem\",\"position\":2,\"name\":\"Criar conta\"}]},{\"@type\":\"WebSite\",\"@id\":\"https:\/\/espaconuvem.com.br\/sp\/#website\",\"url\":\"https:\/\/espaconuvem.com.br\/sp\/\",\"name\":\"Espa\u00e7o Nuvem - Cestas de Presente\",\"description\":\"Cestas de Caf\u00e9 da Manh\u00e3 e Cestas de Queijos e Vinho\",\"publisher\":{\"@id\":\"https:\/\/espaconuvem.com.br\/sp\/#organization\"},\"alternateName\":\"Espa\u00e7o Nuvem - Cestas de Presente\",\"potentialAction\":[{\"@type\":\"SearchAction\",\"target\":{\"@type\":\"EntryPoint\",\"urlTemplate\":\"https:\/\/espaconuvem.com.br\/sp\/?s={search_term_string}\"},\"query-input\":{\"@type\":\"PropertyValueSpecification\",\"valueRequired\":true,\"valueName\":\"search_term_string\"}}],\"inLanguage\":\"pt-BR\"},{\"@type\":\"Organization\",\"@id\":\"https:\/\/espaconuvem.com.br\/sp\/#organization\",\"name\":\"Espa\u00e7o Nuvem - Cestas de Presente\",\"url\":\"https:\/\/espaconuvem.com.br\/sp\/\",\"logo\":{\"@type\":\"ImageObject\",\"inLanguage\":\"pt-BR\",\"@id\":\"https:\/\/espaconuvem.com.br\/sp\/#\/schema\/logo\/image\/\",\"url\":\"https:\/\/i0.wp.com\/espaconuvem.com.br\/wp-content\/uploads\/2023\/08\/Artboard-11-2.png?fit=277%2C86&ssl=1\",\"contentUrl\":\"https:\/\/i0.wp.com\/espaconuvem.com.br\/wp-content\/uploads\/2023\/08\/Artboard-11-2.png?fit=277%2C86&ssl=1\",\"width\":277,\"height\":86,\"caption\":\"Espa\u00e7o Nuvem - Cestas de Presente\"},\"image\":{\"@id\":\"https:\/\/espaconuvem.com.br\/sp\/#\/schema\/logo\/image\/\"},\"sameAs\":[\"https:\/\/www.facebook.com\/espaco.nuvem.rj\",\"https:\/\/www.instagram.com\/espaco.nuvem\/\"]}]}<\/script>\n<!-- \/ Yoast SEO Premium plugin. -->","yoast_head_json":{"title":"Criar conta - Espa\u00e7o Nuvem","robots":{"index":"index","follow":"follow","max-snippet":"max-snippet:-1","max-image-preview":"max-image-preview:large","max-video-preview":"max-video-preview:-1"},"canonical":"https:\/\/espaconuvem.com.br\/sp\/criar-conta\/","og_locale":"pt_BR","og_type":"article","og_title":"Criar conta","og_description":"[vc_row type=&#8221;in_container&#8221; full_screen_row_position=&#8221;middle&#8221; column_margin=&#8221;default&#8221; column_direction=&#8221;default&#8221; column_direction_tablet=&#8221;default&#8221; column_direction_phone=&#8221;default&#8221; scene_position=&#8221;center&#8221; text_color=&#8221;dark&#8221; text_align=&#8221;left&#8221; row_border_radius=&#8221;none&#8221; row_border_radius_applies=&#8221;bg&#8221; overflow=&#8221;visible&#8221; overlay_strength=&#8221;0.3&#8243; gradient_direction=&#8221;left_to_right&#8221; shape_divider_position=&#8221;bottom&#8221; bg_image_animation=&#8221;none&#8221;][vc_column column_padding=&#8221;no-extra-padding&#8221; column_padding_tablet=&#8221;inherit&#8221; column_padding_phone=&#8221;inherit&#8221; column_padding_position=&#8221;all&#8221; column_element_direction_desktop=&#8221;default&#8221; column_element_spacing=&#8221;default&#8221; desktop_text_alignment=&#8221;default&#8221; tablet_text_alignment=&#8221;default&#8221; phone_text_alignment=&#8221;default&#8221; background_color_opacity=&#8221;1&#8243; background_hover_color_opacity=&#8221;1&#8243; column_backdrop_filter=&#8221;none&#8221; column_shadow=&#8221;none&#8221;...","og_url":"https:\/\/espaconuvem.com.br\/sp\/criar-conta\/","og_site_name":"Espa\u00e7o Nuvem","article_publisher":"https:\/\/www.facebook.com\/espaco.nuvem.rj","article_modified_time":"2023-10-10T17:45:09+00:00","og_image":[{"width":2048,"height":1536,"url":"https:\/\/espaconuvem.com.br\/sp\/wp-content\/uploads\/2023\/08\/IMG_3076.jpg","type":"image\/jpeg"}],"twitter_card":"summary_large_image","twitter_misc":{"Est. tempo de leitura":"1 minuto"},"schema":{"@context":"https:\/\/schema.org","@graph":[{"@type":"WebPage","@id":"https:\/\/espaconuvem.com.br\/sp\/criar-conta\/","url":"https:\/\/espaconuvem.com.br\/sp\/criar-conta\/","name":"Criar conta - Espa\u00e7o Nuvem","isPartOf":{"@id":"https:\/\/espaconuvem.com.br\/sp\/#website"},"datePublished":"2023-10-10T15:33:32+00:00","dateModified":"2023-10-10T17:45:09+00:00","breadcrumb":{"@id":"https:\/\/espaconuvem.com.br\/sp\/criar-conta\/#breadcrumb"},"inLanguage":"pt-BR","potentialAction":[{"@type":"ReadAction","target":["https:\/\/espaconuvem.com.br\/sp\/criar-conta\/"]}]},{"@type":"BreadcrumbList","@id":"https:\/\/espaconuvem.com.br\/sp\/criar-conta\/#breadcrumb","itemListElement":[{"@type":"ListItem","position":1,"name":"In\u00edcio","item":"https:\/\/espaconuvem.com.br\/sp\/"},{"@type":"ListItem","position":2,"name":"Criar conta"}]},{"@type":"WebSite","@id":"https:\/\/espaconuvem.com.br\/sp\/#website","url":"https:\/\/espaconuvem.com.br\/sp\/","name":"Espa\u00e7o Nuvem - Cestas de Presente","description":"Cestas de Caf\u00e9 da Manh\u00e3 e Cestas de Queijos e Vinho","publisher":{"@id":"https:\/\/espaconuvem.com.br\/sp\/#organization"},"alternateName":"Espa\u00e7o Nuvem - Cestas de Presente","potentialAction":[{"@type":"SearchAction","target":{"@type":"EntryPoint","urlTemplate":"https:\/\/espaconuvem.com.br\/sp\/?s={search_term_string}"},"query-input":{"@type":"PropertyValueSpecification","valueRequired":true,"valueName":"search_term_string"}}],"inLanguage":"pt-BR"},{"@type":"Organization","@id":"https:\/\/espaconuvem.com.br\/sp\/#organization","name":"Espa\u00e7o Nuvem - Cestas de Presente","url":"https:\/\/espaconuvem.com.br\/sp\/","logo":{"@type":"ImageObject","inLanguage":"pt-BR","@id":"https:\/\/espaconuvem.com.br\/sp\/#\/schema\/logo\/image\/","url":"https:\/\/i0.wp.com\/espaconuvem.com.br\/wp-content\/uploads\/2023\/08\/Artboard-11-2.png?fit=277%2C86&ssl=1","contentUrl":"https:\/\/i0.wp.com\/espaconuvem.com.br\/wp-content\/uploads\/2023\/08\/Artboard-11-2.png?fit=277%2C86&ssl=1","width":277,"height":86,"caption":"Espa\u00e7o Nuvem - Cestas de Presente"},"image":{"@id":"https:\/\/espaconuvem.com.br\/sp\/#\/schema\/logo\/image\/"},"sameAs":["https:\/\/www.facebook.com\/espaco.nuvem.rj","https:\/\/www.instagram.com\/espaco.nuvem\/"]}]}},"jetpack_sharing_enabled":true,"_links":{"self":[{"href":"https:\/\/espaconuvem.com.br\/sp\/wp-json\/wp\/v2\/pages\/2296","targetHints":{"allow":["GET"]}}],"collection":[{"href":"https:\/\/espaconuvem.com.br\/sp\/wp-json\/wp\/v2\/pages"}],"about":[{"href":"https:\/\/espaconuvem.com.br\/sp\/wp-json\/wp\/v2\/types\/page"}],"author":[{"embeddable":true,"href":"https:\/\/espaconuvem.com.br\/sp\/wp-json\/wp\/v2\/users\/2"}],"replies":[{"embeddable":true,"href":"https:\/\/espaconuvem.com.br\/sp\/wp-json\/wp\/v2\/comments?post=2296"}],"version-history":[{"count":4,"href":"https:\/\/espaconuvem.com.br\/sp\/wp-json\/wp\/v2\/pages\/2296\/revisions"}],"predecessor-version":[{"id":2315,"href":"https:\/\/espaconuvem.com.br\/sp\/wp-json\/wp\/v2\/pages\/2296\/revisions\/2315"}],"wp:attachment":[{"href":"https:\/\/espaconuvem.com.br\/sp\/wp-json\/wp\/v2\/media?parent=2296"}],"curies":[{"name":"wp","href":"https:\/\/api.w.org\/{rel}","templated":true}]}}