{"id":10,"date":"2023-08-31T20:48:01","date_gmt":"2023-08-31T23:48:01","guid":{"rendered":"https:\/\/espaconuvem.com.br\/sp\/?page_id=10"},"modified":"2025-04-20T09:53:48","modified_gmt":"2025-04-20T12:53:48","slug":"entrega-cancelamento","status":"publish","type":"page","link":"https:\/\/espaconuvem.com.br\/sp\/entrega-cancelamento\/","title":{"rendered":"Pol\u00edtica de Entrega, Cancelamento, Troca e Devolu\u00e7\u00e3o"},"content":{"rendered":"\r\n\r\n\r\n<h3>Pol\u00edtica de Entrega, Cancelamento, Troca e Devolu\u00e7\u00e3o<\/h3>\r\n<h5>\u00a0<\/h5>\r\n<h4>Pol\u00edtica de entrega<\/h4>\r\n\r\n\r\n\r\n<p><strong>Para compras em S\u00e3o Paulo e ABC Paulista<\/strong><\/p>\r\n<p>Entregamos no endere\u00e7o do cadastro do presenteado, na data e hor\u00e1rio agendados pelo cliente. Caso nossa equipe n\u00e3o consiga realizar a entrega, seja porque o endere\u00e7o fornecido estava incorreto ou n\u00e3o tem ningu\u00e9m para receber, um novo frete ser\u00e1 cobrado do cliente referente \u00e0 dist\u00e2ncia extra percorrida.<\/p>\r\n<p>Ao realizar sua compra, o cliente \u00e9 o \u00fanico respons\u00e1vel por garantir que ter\u00e1 algu\u00e9m para receber o produto, seja um porteiro ou outra pessoa que n\u00e3o o presenteado.<\/p>\r\n<p>O Espa\u00e7o Nuvem n\u00e3o se responsabiliza por itens deixados com terceiros. Nossa equipe \u00e9 orientada a sempre que poss\u00edvel entregar o presente em m\u00e3os e tamb\u00e9m recolher as informa\u00e7\u00f5es da pessoa que recebeu para poder avisar ao cliente. Uma vez que avisamos ao cliente que o produto n\u00e3o foi entregue em m\u00e3os, n\u00e3o nos responsabilizamos se a entrega n\u00e3o for feita ao presenteado em tempo ideal.<\/p>\r\n<p>Ressaltamos sempre que alguns dos nossos produtos s\u00e3o perec\u00edveis, ent\u00e3o o cliente precisa ter aten\u00e7\u00e3o em avisar ao presenteado o quanto antes para que o mesmo tome as provid\u00eancias para colocar os produtos em refrigera\u00e7\u00e3o caso necess\u00e1rio.<\/p>\r\n<h5><strong>Pol\u00edtica de troca e devolu\u00e7\u00e3o<\/strong><\/h5>\r\n<p><strong>1 &#8211; Arrependimento ou n\u00e3o satisfa\u00e7\u00e3o com o produto recebido<\/strong><\/p>\r\n<p>Nossos produtos s\u00e3o artesanais, alguns perec\u00edveis, personalizados e entregues para presente, o que inviabiliza uma troca ou devolu\u00e7\u00e3o sem motivo de defeito ou envio errado.\u00a0<\/p>\r\n<p>\r\n\r\n<\/p>\r\n<p><strong>2 &#8211; Produto enviado com defeito, estragado, quebrado ou faltando<\/strong><\/p>\r\n<p>Se voc\u00ea recebeu um produto violado, fora da validade ou com aspecto de mofado\/estragado ou quebrado ou algum item faltando entre em contato conosco pelo telefone ou whatsApp (11) 944855895 em at\u00e9 48h do recebimento. O Espa\u00e7o Nuvem se responsabiliza por reembolsar o cliente o valor correspondente ao item com defeito ou faltando ou ser\u00e1 feita uma nova entrega com o item em quest\u00e3o, cada caso ser\u00e1 analisado e conversado com o cliente para que tomemos a melhor provid\u00eancia.<\/p>\r\n<p><strong>3 &#8211; Produto enviado errado<\/strong><\/p>\r\n<p>Se voc\u00ea recebeu um produto e ele n\u00e3o corresponde ao comprado entre em contato conosco pelo telefone ou whatsApp (11) 944855895 em at\u00e9 48h do recebimento. O Espa\u00e7o Nuvem se responsabiliza por reenviar o produto correto o mais r\u00e1pido poss\u00edvel e pagar pelo frete da devolu\u00e7\u00e3o do produto recebido erradamente. Se for de prefer\u00eancia do consumidor, a compra poder\u00e1 ser cancelada e estornada, o que acontecer\u00e1 em um prazo de at\u00e9 7 dias corridos.<\/p>\r\n<h5><strong>Pol\u00edtica de cancelamento<\/strong><\/h5>\r\n<p>Realizamos a troca da data ou cancelamento do seu pedido caso n\u00e3o tenhamos come\u00e7ado a prepar\u00e1-lo para o envio, o que pode ser at\u00e9 3 horas antes do hor\u00e1rio de entrega agendado. No caso de cestas que est\u00e3o agendadas para o per\u00edodo da manh\u00e3 o prazo de altera\u00e7\u00e3o de data ou cancelamento \u00e9 de at\u00e9 \u00e0s 16:00h do dia anterior ao dia da entrega.<\/p>\r\n<p>Para cancelar ou trocar a data do seu pedido entre em contato conosco pelo telefone ou whatsApp (11) 944855895.<\/p>\r\n<p>No caso de cancelamento, o estorno do valor total da compra ser\u00e1 feito pelo cart\u00e3o de cr\u00e9dito utilizado na compra ou via pix em at\u00e9 7 dias corridos.<\/p>\r\n<p>&nbsp;<\/p>\r\n","protected":false},"excerpt":{"rendered":"<p>Pol\u00edtica de Entrega, Cancelamento, Troca e Devolu\u00e7\u00e3o \u00a0 Pol\u00edtica de entrega Para compras em S\u00e3o Paulo e ABC Paulista Entregamos no endere\u00e7o do cadastro do presenteado, na data e hor\u00e1rio&#8230;<\/p>\n","protected":false},"author":1,"featured_media":0,"parent":0,"menu_order":0,"comment_status":"closed","ping_status":"closed","template":"","meta":{"footnotes":""},"class_list":["post-10","page","type-page","status-publish"],"yoast_head":"<!-- This site is optimized with the Yoast SEO Premium plugin v21.3 (Yoast SEO v26.3) - https:\/\/yoast.com\/wordpress\/plugins\/seo\/ -->\n<title>Pol\u00edtica de Entrega, Cancelamento, Troca e Devolu\u00e7\u00e3o - Espa\u00e7o Nuvem<\/title>\n<meta name=\"description\" content=\"Pol\u00edtica de Entrega e Cancelamento do Espa\u00e7o Nuvem, empresa de Cestas de Presente e Cestas de Caf\u00e9 da Manh\u00e3.\" \/>\n<meta name=\"robots\" content=\"index, follow, max-snippet:-1, max-image-preview:large, max-video-preview:-1\" \/>\n<link rel=\"canonical\" href=\"https:\/\/espaconuvem.com.br\/sp\/entrega-cancelamento\/\" \/>\n<meta property=\"og:locale\" content=\"pt_BR\" \/>\n<meta property=\"og:type\" content=\"article\" \/>\n<meta property=\"og:title\" content=\"Pol\u00edtica de Entrega, Cancelamento, Troca e Devolu\u00e7\u00e3o\" \/>\n<meta property=\"og:description\" content=\"Pol\u00edtica de Entrega e Cancelamento do Espa\u00e7o Nuvem, empresa de Cestas de Presente e Cestas de Caf\u00e9 da Manh\u00e3.\" \/>\n<meta property=\"og:url\" content=\"https:\/\/espaconuvem.com.br\/sp\/entrega-cancelamento\/\" \/>\n<meta property=\"og:site_name\" content=\"Espa\u00e7o Nuvem\" \/>\n<meta property=\"article:publisher\" content=\"https:\/\/www.facebook.com\/espaco.nuvem.rj\" \/>\n<meta property=\"article:modified_time\" content=\"2025-04-20T12:53:48+00:00\" \/>\n<meta property=\"og:image\" content=\"https:\/\/espaconuvem.com.br\/sp\/wp-content\/uploads\/2023\/08\/IMG_3076.jpg\" \/>\n\t<meta property=\"og:image:width\" content=\"2048\" \/>\n\t<meta property=\"og:image:height\" content=\"1536\" \/>\n\t<meta property=\"og:image:type\" content=\"image\/jpeg\" \/>\n<meta name=\"twitter:card\" content=\"summary_large_image\" \/>\n<meta name=\"twitter:label1\" content=\"Est. tempo de leitura\" \/>\n\t<meta name=\"twitter:data1\" content=\"3 minutos\" \/>\n<script type=\"application\/ld+json\" class=\"yoast-schema-graph\">{\"@context\":\"https:\/\/schema.org\",\"@graph\":[{\"@type\":\"WebPage\",\"@id\":\"https:\/\/espaconuvem.com.br\/sp\/entrega-cancelamento\/\",\"url\":\"https:\/\/espaconuvem.com.br\/sp\/entrega-cancelamento\/\",\"name\":\"Pol\u00edtica de Entrega, Cancelamento, Troca e Devolu\u00e7\u00e3o - Espa\u00e7o Nuvem\",\"isPartOf\":{\"@id\":\"https:\/\/espaconuvem.com.br\/sp\/#website\"},\"datePublished\":\"2023-08-31T23:48:01+00:00\",\"dateModified\":\"2025-04-20T12:53:48+00:00\",\"description\":\"Pol\u00edtica de Entrega e Cancelamento do Espa\u00e7o Nuvem, empresa de Cestas de Presente e Cestas de Caf\u00e9 da Manh\u00e3.\",\"breadcrumb\":{\"@id\":\"https:\/\/espaconuvem.com.br\/sp\/entrega-cancelamento\/#breadcrumb\"},\"inLanguage\":\"pt-BR\",\"potentialAction\":[{\"@type\":\"ReadAction\",\"target\":[\"https:\/\/espaconuvem.com.br\/sp\/entrega-cancelamento\/\"]}]},{\"@type\":\"BreadcrumbList\",\"@id\":\"https:\/\/espaconuvem.com.br\/sp\/entrega-cancelamento\/#breadcrumb\",\"itemListElement\":[{\"@type\":\"ListItem\",\"position\":1,\"name\":\"In\u00edcio\",\"item\":\"https:\/\/espaconuvem.com.br\/sp\/\"},{\"@type\":\"ListItem\",\"position\":2,\"name\":\"Pol\u00edtica de Entrega, Cancelamento, Troca e Devolu\u00e7\u00e3o\"}]},{\"@type\":\"WebSite\",\"@id\":\"https:\/\/espaconuvem.com.br\/sp\/#website\",\"url\":\"https:\/\/espaconuvem.com.br\/sp\/\",\"name\":\"Espa\u00e7o Nuvem - Cestas de Presente\",\"description\":\"Cestas de Caf\u00e9 da Manh\u00e3 e Cestas de Queijos e Vinho\",\"publisher\":{\"@id\":\"https:\/\/espaconuvem.com.br\/sp\/#organization\"},\"alternateName\":\"Espa\u00e7o Nuvem - Cestas de Presente\",\"potentialAction\":[{\"@type\":\"SearchAction\",\"target\":{\"@type\":\"EntryPoint\",\"urlTemplate\":\"https:\/\/espaconuvem.com.br\/sp\/?s={search_term_string}\"},\"query-input\":{\"@type\":\"PropertyValueSpecification\",\"valueRequired\":true,\"valueName\":\"search_term_string\"}}],\"inLanguage\":\"pt-BR\"},{\"@type\":\"Organization\",\"@id\":\"https:\/\/espaconuvem.com.br\/sp\/#organization\",\"name\":\"Espa\u00e7o Nuvem - Cestas de Presente\",\"url\":\"https:\/\/espaconuvem.com.br\/sp\/\",\"logo\":{\"@type\":\"ImageObject\",\"inLanguage\":\"pt-BR\",\"@id\":\"https:\/\/espaconuvem.com.br\/sp\/#\/schema\/logo\/image\/\",\"url\":\"https:\/\/i0.wp.com\/espaconuvem.com.br\/wp-content\/uploads\/2023\/08\/Artboard-11-2.png?fit=277%2C86&ssl=1\",\"contentUrl\":\"https:\/\/i0.wp.com\/espaconuvem.com.br\/wp-content\/uploads\/2023\/08\/Artboard-11-2.png?fit=277%2C86&ssl=1\",\"width\":277,\"height\":86,\"caption\":\"Espa\u00e7o Nuvem - Cestas de Presente\"},\"image\":{\"@id\":\"https:\/\/espaconuvem.com.br\/sp\/#\/schema\/logo\/image\/\"},\"sameAs\":[\"https:\/\/www.facebook.com\/espaco.nuvem.rj\",\"https:\/\/www.instagram.com\/espaco.nuvem\/\"]}]}<\/script>\n<!-- \/ Yoast SEO Premium plugin. -->","yoast_head_json":{"title":"Pol\u00edtica de Entrega, Cancelamento, Troca e Devolu\u00e7\u00e3o - Espa\u00e7o Nuvem","description":"Pol\u00edtica de Entrega e Cancelamento do Espa\u00e7o Nuvem, empresa de Cestas de Presente e Cestas de Caf\u00e9 da Manh\u00e3.","robots":{"index":"index","follow":"follow","max-snippet":"max-snippet:-1","max-image-preview":"max-image-preview:large","max-video-preview":"max-video-preview:-1"},"canonical":"https:\/\/espaconuvem.com.br\/sp\/entrega-cancelamento\/","og_locale":"pt_BR","og_type":"article","og_title":"Pol\u00edtica de Entrega, Cancelamento, Troca e Devolu\u00e7\u00e3o","og_description":"Pol\u00edtica de Entrega e Cancelamento do Espa\u00e7o Nuvem, empresa de Cestas de Presente e Cestas de Caf\u00e9 da Manh\u00e3.","og_url":"https:\/\/espaconuvem.com.br\/sp\/entrega-cancelamento\/","og_site_name":"Espa\u00e7o Nuvem","article_publisher":"https:\/\/www.facebook.com\/espaco.nuvem.rj","article_modified_time":"2025-04-20T12:53:48+00:00","og_image":[{"width":2048,"height":1536,"url":"https:\/\/espaconuvem.com.br\/sp\/wp-content\/uploads\/2023\/08\/IMG_3076.jpg","type":"image\/jpeg"}],"twitter_card":"summary_large_image","twitter_misc":{"Est. tempo de leitura":"3 minutos"},"schema":{"@context":"https:\/\/schema.org","@graph":[{"@type":"WebPage","@id":"https:\/\/espaconuvem.com.br\/sp\/entrega-cancelamento\/","url":"https:\/\/espaconuvem.com.br\/sp\/entrega-cancelamento\/","name":"Pol\u00edtica de Entrega, Cancelamento, Troca e Devolu\u00e7\u00e3o - Espa\u00e7o Nuvem","isPartOf":{"@id":"https:\/\/espaconuvem.com.br\/sp\/#website"},"datePublished":"2023-08-31T23:48:01+00:00","dateModified":"2025-04-20T12:53:48+00:00","description":"Pol\u00edtica de Entrega e Cancelamento do Espa\u00e7o Nuvem, empresa de Cestas de Presente e Cestas de Caf\u00e9 da Manh\u00e3.","breadcrumb":{"@id":"https:\/\/espaconuvem.com.br\/sp\/entrega-cancelamento\/#breadcrumb"},"inLanguage":"pt-BR","potentialAction":[{"@type":"ReadAction","target":["https:\/\/espaconuvem.com.br\/sp\/entrega-cancelamento\/"]}]},{"@type":"BreadcrumbList","@id":"https:\/\/espaconuvem.com.br\/sp\/entrega-cancelamento\/#breadcrumb","itemListElement":[{"@type":"ListItem","position":1,"name":"In\u00edcio","item":"https:\/\/espaconuvem.com.br\/sp\/"},{"@type":"ListItem","position":2,"name":"Pol\u00edtica de Entrega, Cancelamento, Troca e Devolu\u00e7\u00e3o"}]},{"@type":"WebSite","@id":"https:\/\/espaconuvem.com.br\/sp\/#website","url":"https:\/\/espaconuvem.com.br\/sp\/","name":"Espa\u00e7o Nuvem - Cestas de Presente","description":"Cestas de Caf\u00e9 da Manh\u00e3 e Cestas de Queijos e Vinho","publisher":{"@id":"https:\/\/espaconuvem.com.br\/sp\/#organization"},"alternateName":"Espa\u00e7o Nuvem - Cestas de Presente","potentialAction":[{"@type":"SearchAction","target":{"@type":"EntryPoint","urlTemplate":"https:\/\/espaconuvem.com.br\/sp\/?s={search_term_string}"},"query-input":{"@type":"PropertyValueSpecification","valueRequired":true,"valueName":"search_term_string"}}],"inLanguage":"pt-BR"},{"@type":"Organization","@id":"https:\/\/espaconuvem.com.br\/sp\/#organization","name":"Espa\u00e7o Nuvem - Cestas de Presente","url":"https:\/\/espaconuvem.com.br\/sp\/","logo":{"@type":"ImageObject","inLanguage":"pt-BR","@id":"https:\/\/espaconuvem.com.br\/sp\/#\/schema\/logo\/image\/","url":"https:\/\/i0.wp.com\/espaconuvem.com.br\/wp-content\/uploads\/2023\/08\/Artboard-11-2.png?fit=277%2C86&ssl=1","contentUrl":"https:\/\/i0.wp.com\/espaconuvem.com.br\/wp-content\/uploads\/2023\/08\/Artboard-11-2.png?fit=277%2C86&ssl=1","width":277,"height":86,"caption":"Espa\u00e7o Nuvem - Cestas de Presente"},"image":{"@id":"https:\/\/espaconuvem.com.br\/sp\/#\/schema\/logo\/image\/"},"sameAs":["https:\/\/www.facebook.com\/espaco.nuvem.rj","https:\/\/www.instagram.com\/espaco.nuvem\/"]}]}},"jetpack_sharing_enabled":true,"_links":{"self":[{"href":"https:\/\/espaconuvem.com.br\/sp\/wp-json\/wp\/v2\/pages\/10","targetHints":{"allow":["GET"]}}],"collection":[{"href":"https:\/\/espaconuvem.com.br\/sp\/wp-json\/wp\/v2\/pages"}],"about":[{"href":"https:\/\/espaconuvem.com.br\/sp\/wp-json\/wp\/v2\/types\/page"}],"author":[{"embeddable":true,"href":"https:\/\/espaconuvem.com.br\/sp\/wp-json\/wp\/v2\/users\/1"}],"replies":[{"embeddable":true,"href":"https:\/\/espaconuvem.com.br\/sp\/wp-json\/wp\/v2\/comments?post=10"}],"version-history":[{"count":1,"href":"https:\/\/espaconuvem.com.br\/sp\/wp-json\/wp\/v2\/pages\/10\/revisions"}],"predecessor-version":[{"id":8642,"href":"https:\/\/espaconuvem.com.br\/sp\/wp-json\/wp\/v2\/pages\/10\/revisions\/8642"}],"wp:attachment":[{"href":"https:\/\/espaconuvem.com.br\/sp\/wp-json\/wp\/v2\/media?parent=10"}],"curies":[{"name":"wp","href":"https:\/\/api.w.org\/{rel}","templated":true}]}}