{"id":7,"date":"2023-08-10T14:21:43","date_gmt":"2023-08-10T14:21:43","guid":{"rendered":"https:\/\/espaconuvem.com.br\/rjinterior\/index.php\/cart\/"},"modified":"2023-08-30T22:12:05","modified_gmt":"2023-08-31T01:12:05","slug":"carrinho","status":"publish","type":"page","link":"https:\/\/espaconuvem.com.br\/rjinterior\/carrinho\/","title":{"rendered":"Carrinho de Compras"},"content":{"rendered":"\n","protected":false},"excerpt":{"rendered":"","protected":false},"author":1,"featured_media":0,"parent":0,"menu_order":0,"comment_status":"closed","ping_status":"closed","template":"","meta":{"footnotes":""},"class_list":["post-7","page","type-page","status-publish"],"yoast_head":"<!-- This site is optimized with the Yoast SEO Premium plugin v21.3 (Yoast SEO v26.2) - https:\/\/yoast.com\/wordpress\/plugins\/seo\/ -->\n<title>Cestas de Presente e Cestas de Caf\u00e9 da Manh\u00e3 - Carrinho - Espa\u00e7o Nuvem<\/title>\n<meta name=\"description\" content=\"Cestas de Presente e Cestas de Caf\u00e9 da Manh\u00e3 compradas on-line com seguran\u00e7a e garantia. Entregamos todos os dias com cart\u00e3o personalizado.\" \/>\n<meta name=\"robots\" content=\"index, follow, max-snippet:-1, max-image-preview:large, max-video-preview:-1\" \/>\n<link rel=\"canonical\" href=\"https:\/\/espaconuvem.com.br\/rjinterior\/carrinho\/\" \/>\n<meta property=\"og:locale\" content=\"pt_BR\" \/>\n<meta property=\"og:type\" content=\"article\" \/>\n<meta property=\"og:title\" content=\"Carrinho de Compras\" \/>\n<meta property=\"og:description\" content=\"Cestas de Presente e Cestas de Caf\u00e9 da Manh\u00e3 compradas on-line com seguran\u00e7a e garantia. Entregamos todos os dias com cart\u00e3o personalizado.\" \/>\n<meta property=\"og:url\" content=\"https:\/\/espaconuvem.com.br\/rjinterior\/carrinho\/\" \/>\n<meta property=\"og:site_name\" content=\"Espa\u00e7o Nuvem\" \/>\n<meta property=\"article:publisher\" content=\"https:\/\/www.facebook.com\/espaco.nuvem.rj\" \/>\n<meta property=\"article:modified_time\" content=\"2023-08-31T01:12:05+00:00\" \/>\n<meta name=\"twitter:card\" content=\"summary_large_image\" \/>\n<meta name=\"twitter:label1\" content=\"Est. tempo de leitura\" \/>\n\t<meta name=\"twitter:data1\" content=\"1 minuto\" \/>\n<script type=\"application\/ld+json\" class=\"yoast-schema-graph\">{\"@context\":\"https:\/\/schema.org\",\"@graph\":[{\"@type\":\"WebPage\",\"@id\":\"https:\/\/espaconuvem.com.br\/rjinterior\/carrinho\/\",\"url\":\"https:\/\/espaconuvem.com.br\/rjinterior\/carrinho\/\",\"name\":\"Cestas de Presente e Cestas de Caf\u00e9 da Manh\u00e3 - Carrinho - Espa\u00e7o Nuvem\",\"isPartOf\":{\"@id\":\"https:\/\/espaconuvem.com.br\/rjinterior\/#website\"},\"datePublished\":\"2023-08-10T14:21:43+00:00\",\"dateModified\":\"2023-08-31T01:12:05+00:00\",\"description\":\"Cestas de Presente e Cestas de Caf\u00e9 da Manh\u00e3 compradas on-line com seguran\u00e7a e garantia. Entregamos todos os dias com cart\u00e3o personalizado.\",\"breadcrumb\":{\"@id\":\"https:\/\/espaconuvem.com.br\/rjinterior\/carrinho\/#breadcrumb\"},\"inLanguage\":\"pt-BR\",\"potentialAction\":[{\"@type\":\"ReadAction\",\"target\":[\"https:\/\/espaconuvem.com.br\/rjinterior\/carrinho\/\"]}]},{\"@type\":\"BreadcrumbList\",\"@id\":\"https:\/\/espaconuvem.com.br\/rjinterior\/carrinho\/#breadcrumb\",\"itemListElement\":[{\"@type\":\"ListItem\",\"position\":1,\"name\":\"In\u00edcio\",\"item\":\"https:\/\/espaconuvem.com.br\/rjinterior\/\"},{\"@type\":\"ListItem\",\"position\":2,\"name\":\"Carrinho de Compras\"}]},{\"@type\":\"WebSite\",\"@id\":\"https:\/\/espaconuvem.com.br\/rjinterior\/#website\",\"url\":\"https:\/\/espaconuvem.com.br\/rjinterior\/\",\"name\":\"Espa\u00e7o Nuvem - Cestas de Presente\",\"description\":\"Cestas de Caf\u00e9 da Manh\u00e3 e Cestas de Queijos e Vinho\",\"publisher\":{\"@id\":\"https:\/\/espaconuvem.com.br\/rjinterior\/#organization\"},\"alternateName\":\"Espa\u00e7o Nuvem - Cestas de Presente\",\"potentialAction\":[{\"@type\":\"SearchAction\",\"target\":{\"@type\":\"EntryPoint\",\"urlTemplate\":\"https:\/\/espaconuvem.com.br\/rjinterior\/?s={search_term_string}\"},\"query-input\":{\"@type\":\"PropertyValueSpecification\",\"valueRequired\":true,\"valueName\":\"search_term_string\"}}],\"inLanguage\":\"pt-BR\"},{\"@type\":\"Organization\",\"@id\":\"https:\/\/espaconuvem.com.br\/rjinterior\/#organization\",\"name\":\"Espa\u00e7o Nuvem - Cestas de Presente\",\"url\":\"https:\/\/espaconuvem.com.br\/rjinterior\/\",\"logo\":{\"@type\":\"ImageObject\",\"inLanguage\":\"pt-BR\",\"@id\":\"https:\/\/espaconuvem.com.br\/rjinterior\/#\/schema\/logo\/image\/\",\"url\":\"https:\/\/i0.wp.com\/espaconuvem.com.br\/wp-content\/uploads\/2023\/08\/Artboard-11-2.png?fit=277%2C86&ssl=1\",\"contentUrl\":\"https:\/\/i0.wp.com\/espaconuvem.com.br\/wp-content\/uploads\/2023\/08\/Artboard-11-2.png?fit=277%2C86&ssl=1\",\"width\":277,\"height\":86,\"caption\":\"Espa\u00e7o Nuvem - Cestas de Presente\"},\"image\":{\"@id\":\"https:\/\/espaconuvem.com.br\/rjinterior\/#\/schema\/logo\/image\/\"},\"sameAs\":[\"https:\/\/www.facebook.com\/espaco.nuvem.rj\",\"https:\/\/www.instagram.com\/espaco.nuvem\/\"]}]}<\/script>\n<!-- \/ Yoast SEO Premium plugin. -->","yoast_head_json":{"title":"Cestas de Presente e Cestas de Caf\u00e9 da Manh\u00e3 - Carrinho - Espa\u00e7o Nuvem","description":"Cestas de Presente e Cestas de Caf\u00e9 da Manh\u00e3 compradas on-line com seguran\u00e7a e garantia. Entregamos todos os dias com cart\u00e3o personalizado.","robots":{"index":"index","follow":"follow","max-snippet":"max-snippet:-1","max-image-preview":"max-image-preview:large","max-video-preview":"max-video-preview:-1"},"canonical":"https:\/\/espaconuvem.com.br\/rjinterior\/carrinho\/","og_locale":"pt_BR","og_type":"article","og_title":"Carrinho de Compras","og_description":"Cestas de Presente e Cestas de Caf\u00e9 da Manh\u00e3 compradas on-line com seguran\u00e7a e garantia. Entregamos todos os dias com cart\u00e3o personalizado.","og_url":"https:\/\/espaconuvem.com.br\/rjinterior\/carrinho\/","og_site_name":"Espa\u00e7o Nuvem","article_publisher":"https:\/\/www.facebook.com\/espaco.nuvem.rj","article_modified_time":"2023-08-31T01:12:05+00:00","twitter_card":"summary_large_image","twitter_misc":{"Est. tempo de leitura":"1 minuto"},"schema":{"@context":"https:\/\/schema.org","@graph":[{"@type":"WebPage","@id":"https:\/\/espaconuvem.com.br\/rjinterior\/carrinho\/","url":"https:\/\/espaconuvem.com.br\/rjinterior\/carrinho\/","name":"Cestas de Presente e Cestas de Caf\u00e9 da Manh\u00e3 - Carrinho - Espa\u00e7o Nuvem","isPartOf":{"@id":"https:\/\/espaconuvem.com.br\/rjinterior\/#website"},"datePublished":"2023-08-10T14:21:43+00:00","dateModified":"2023-08-31T01:12:05+00:00","description":"Cestas de Presente e Cestas de Caf\u00e9 da Manh\u00e3 compradas on-line com seguran\u00e7a e garantia. Entregamos todos os dias com cart\u00e3o personalizado.","breadcrumb":{"@id":"https:\/\/espaconuvem.com.br\/rjinterior\/carrinho\/#breadcrumb"},"inLanguage":"pt-BR","potentialAction":[{"@type":"ReadAction","target":["https:\/\/espaconuvem.com.br\/rjinterior\/carrinho\/"]}]},{"@type":"BreadcrumbList","@id":"https:\/\/espaconuvem.com.br\/rjinterior\/carrinho\/#breadcrumb","itemListElement":[{"@type":"ListItem","position":1,"name":"In\u00edcio","item":"https:\/\/espaconuvem.com.br\/rjinterior\/"},{"@type":"ListItem","position":2,"name":"Carrinho de Compras"}]},{"@type":"WebSite","@id":"https:\/\/espaconuvem.com.br\/rjinterior\/#website","url":"https:\/\/espaconuvem.com.br\/rjinterior\/","name":"Espa\u00e7o Nuvem - Cestas de Presente","description":"Cestas de Caf\u00e9 da Manh\u00e3 e Cestas de Queijos e Vinho","publisher":{"@id":"https:\/\/espaconuvem.com.br\/rjinterior\/#organization"},"alternateName":"Espa\u00e7o Nuvem - Cestas de Presente","potentialAction":[{"@type":"SearchAction","target":{"@type":"EntryPoint","urlTemplate":"https:\/\/espaconuvem.com.br\/rjinterior\/?s={search_term_string}"},"query-input":{"@type":"PropertyValueSpecification","valueRequired":true,"valueName":"search_term_string"}}],"inLanguage":"pt-BR"},{"@type":"Organization","@id":"https:\/\/espaconuvem.com.br\/rjinterior\/#organization","name":"Espa\u00e7o Nuvem - Cestas de Presente","url":"https:\/\/espaconuvem.com.br\/rjinterior\/","logo":{"@type":"ImageObject","inLanguage":"pt-BR","@id":"https:\/\/espaconuvem.com.br\/rjinterior\/#\/schema\/logo\/image\/","url":"https:\/\/i0.wp.com\/espaconuvem.com.br\/wp-content\/uploads\/2023\/08\/Artboard-11-2.png?fit=277%2C86&ssl=1","contentUrl":"https:\/\/i0.wp.com\/espaconuvem.com.br\/wp-content\/uploads\/2023\/08\/Artboard-11-2.png?fit=277%2C86&ssl=1","width":277,"height":86,"caption":"Espa\u00e7o Nuvem - Cestas de Presente"},"image":{"@id":"https:\/\/espaconuvem.com.br\/rjinterior\/#\/schema\/logo\/image\/"},"sameAs":["https:\/\/www.facebook.com\/espaco.nuvem.rj","https:\/\/www.instagram.com\/espaco.nuvem\/"]}]}},"jetpack_sharing_enabled":true,"_links":{"self":[{"href":"https:\/\/espaconuvem.com.br\/rjinterior\/wp-json\/wp\/v2\/pages\/7","targetHints":{"allow":["GET"]}}],"collection":[{"href":"https:\/\/espaconuvem.com.br\/rjinterior\/wp-json\/wp\/v2\/pages"}],"about":[{"href":"https:\/\/espaconuvem.com.br\/rjinterior\/wp-json\/wp\/v2\/types\/page"}],"author":[{"embeddable":true,"href":"https:\/\/espaconuvem.com.br\/rjinterior\/wp-json\/wp\/v2\/users\/1"}],"replies":[{"embeddable":true,"href":"https:\/\/espaconuvem.com.br\/rjinterior\/wp-json\/wp\/v2\/comments?post=7"}],"version-history":[{"count":0,"href":"https:\/\/espaconuvem.com.br\/rjinterior\/wp-json\/wp\/v2\/pages\/7\/revisions"}],"wp:attachment":[{"href":"https:\/\/espaconuvem.com.br\/rjinterior\/wp-json\/wp\/v2\/media?parent=7"}],"curies":[{"name":"wp","href":"https:\/\/api.w.org\/{rel}","templated":true}]}}