{"id":2654,"date":"2023-11-23T17:03:23","date_gmt":"2023-11-23T20:03:23","guid":{"rendered":"https:\/\/espaconuvem.com.br\/rjinterior\/?post_type=product&#038;p=2654"},"modified":"2024-07-16T21:39:11","modified_gmt":"2024-07-17T00:39:11","slug":"cesta-zen-andromeda","status":"publish","type":"product","link":"https:\/\/espaconuvem.com.br\/rjinterior\/en\/product\/cesta-zen-andromeda\/","title":{"rendered":"Cesta Zen Andr\u00f4meda"},"content":{"rendered":"<div id=\"home\"  data-column-margin=\"90px\" data-midnight=\"dark\"  class=\"wpb_row vc_row-fluid vc_row full-width-section vc_row-o-equal-height vc_row-flex vc_row-o-content-middle  top_padding_tablet_8pct bottom_padding_tablet_8pct\"  style=\"padding-top: 0px; padding-bottom: 0px; \"><div class=\"row-bg-wrap\" data-bg-animation=\"none\" data-bg-animation-delay=\"\" data-bg-overlay=\"false\"><div class=\"inner-wrap row-bg-layer\" ><div class=\"row-bg viewport-desktop using-bg-color\"  style=\"background-color: #f1ebe0; \"><\/div><\/div><\/div><div class=\"row_col_wrap_12 col span_12 dark left\">\n\t<div style=\"z-index: 100; \" class=\"vc_col-sm-6 vc_col-xs-12 wpb_column column_container vc_column_container col force-desktop-text-align-left el_spacing_10px top_padding_desktop_8pct\"  data-padding-pos=\"all\" data-has-bg-color=\"false\" data-bg-color=\"\" data-bg-opacity=\"1\" data-animation=\"\" data-delay=\"0\" >\n\t\t<div class=\"vc_column-inner\" >\n\t\t\t<div class=\"wpb_wrapper\">\n\t\t\t\t<div id=\"fws_69ea11edc25f7\" data-midnight=\"\" data-column-margin=\"default\" class=\"wpb_row vc_row-fluid vc_row inner_row\"  style=\"\"><div class=\"row-bg-wrap\"> <div class=\"row-bg\" ><\/div> <\/div><div class=\"row_col_wrap_12_inner col span_12  left\">\n\t<div  class=\"vc_col-sm-12 wpb_column column_container vc_column_container col child_column has-animation no-extra-padding el_spacing_5px inherit_tablet inherit_phone\"   data-padding-pos=\"all\" data-has-bg-color=\"false\" data-bg-color=\"\" data-bg-opacity=\"1\" data-animation=\"fade-in-from-bottom\" data-delay=\"0\" >\n\t\t<div class=\"vc_column-inner\" >\n\t\t<div class=\"wpb_wrapper\">\n\t\t\t<div class=\"nectar-highlighted-text\" data-style=\"scribble\" data-exp=\"default\" data-user-color=\"true\" style=\"color: #ba4938;\" data-using-custom-color=\"false\" data-animation-delay=\"400\" data-color=\"\" data-color-gradient=\"\">\n<h5><em>Porque comprar no Espa\u00e7o Nuvem?<svg class=\"nectar-scribble basic-underline\" role=\"presentation\" viewbox=\"-400 -55 730 60\" preserveaspectratio=\"none\"><path style=\"animation-duration: 1.8s;\" d=\"m -383.25 -6 c 55.25 -22 130.75 -33.5 293.25 -38 c 54.5 -0.5 195 -2.5 401 15\" stroke=\"#ba4938\" pathlength=\"1\" stroke-width=\"14\" fill=\"none\"\/><\/svg><\/em><\/h5>\n<\/div><div class=\"divider-wrap\" data-alignment=\"default\"><div style=\"height: 30px;\" class=\"divider\"><\/div><\/div>\n<div class=\"wpb_text_column wpb_content_element  vc_custom_1692111963673\" >\n\t<div class=\"wpb_wrapper\">\n\t\t<h3>Presentes que inspiram<\/h3>\n\t<\/div>\n<\/div>\n\n\n\n\n<div class=\"wpb_text_column wpb_content_element\" >\n\t<div class=\"wpb_wrapper\">\n\t\t<h6>Nossas cestas foram criadas para surpreender, emocionar e conectar pessoas. Cada presente, uma hist\u00f3ria.<\/h6>\n\t<\/div>\n<\/div>\n\n\n\n\n\t\t<\/div> \n\t<\/div>\n\t<\/div> \n<\/div><\/div><div id=\"fws_69ea11edc2a7c\" data-midnight=\"\" data-column-margin=\"90px\" class=\"wpb_row vc_row-fluid vc_row inner_row  top_padding_tablet_0px top_padding_phone_0px\"  style=\"padding-top: 20px; \"><div class=\"row-bg-wrap\"> <div class=\"row-bg\" ><\/div> <\/div><div class=\"row_col_wrap_12_inner col span_12  left\">\n\t<div style=\"margin-top: 20px; margin-bottom: 20px; \" class=\"vc_col-sm-4 vc_col-lg-6 vc_col-md-12 wpb_column column_container vc_column_container col child_column has-animation no-extra-padding inherit_tablet inherit_phone\"    data-t-w-inherits=\"small_desktop\" data-padding-pos=\"all\" data-has-bg-color=\"false\" data-bg-color=\"\" data-bg-opacity=\"1\" data-animation=\"fade-in-from-bottom\" data-delay=\"0\" >\n\t\t<div class=\"vc_column-inner\" >\n\t\t<div class=\"wpb_wrapper\">\n\t\t\t\n<div class=\"wpb_text_column wpb_content_element  vc_custom_1692639319946\" >\n\t<div class=\"wpb_wrapper\">\n\t\t<h4>Alto padr\u00e3o e sofistica\u00e7\u00e3o<\/h4>\n\t<\/div>\n<\/div>\n\n\n\n\n<div class=\"wpb_text_column wpb_content_element\" >\n\t<div class=\"wpb_wrapper\">\n\t\t<p>Produtos cuidadosamente selecionados e de alta qualidade aliados a um design sofisticado com um toque de personaliza\u00e7\u00e3o com a sua mensagem.<\/p>\n\t<\/div>\n<\/div>\n\n\n\n\n\t\t<\/div> \n\t<\/div>\n\t<\/div> \n\n\t<div style=\"margin-top: 20px; margin-bottom: 20px; \" class=\"vc_col-sm-4 vc_col-lg-6 vc_col-md-12 wpb_column column_container vc_column_container col child_column has-animation no-extra-padding inherit_tablet inherit_phone\"    data-t-w-inherits=\"small_desktop\" data-padding-pos=\"all\" data-has-bg-color=\"false\" data-bg-color=\"\" data-bg-opacity=\"1\" data-animation=\"fade-in-from-bottom\" data-delay=\"0\" >\n\t\t<div class=\"vc_column-inner\" >\n\t\t<div class=\"wpb_wrapper\">\n\t\t\t\n<div class=\"wpb_text_column wpb_content_element  vc_custom_1692639285606\" >\n\t<div class=\"wpb_wrapper\">\n\t\t<h4>Incentivo \u00e0 economia local<\/h4>\n\t<\/div>\n<\/div>\n\n\n\n\n<div class=\"wpb_text_column wpb_content_element\" >\n\t<div class=\"wpb_wrapper\">\n\t\t<p>Acreditamos que consumir produtos de pequenos produtores \u00e9 uma das formas de contribuir com uma economia mais sustent\u00e1vel, al\u00e9m de provar que os produtos nacionais s\u00e3o repletos de sabor e afeto.<\/p>\n\t<\/div>\n<\/div>\n\n\n\n\n\t\t<\/div> \n\t<\/div>\n\t<\/div> \n<\/div><\/div>\n\t\t\t<\/div> \n\t\t<\/div>\n\t<\/div> \n\n\t<div  class=\"vc_col-sm-6 vc_col-xs-12 wpb_column column_container vc_column_container col top_padding_desktop_8pct bottom_padding_desktop_8pct\"  data-padding-pos=\"all\" data-has-bg-color=\"false\" data-bg-color=\"\" data-bg-opacity=\"1\" data-animation=\"\" data-delay=\"0\" >\n\t\t<div class=\"vc_column-inner\" >\n\t\t\t<div class=\"wpb_wrapper\">\n\t\t\t\t<div id=\"fws_69ea11edc2f40\" data-midnight=\"\" data-column-margin=\"default\" class=\"wpb_row vc_row-fluid vc_row inner_row\"  style=\"\"><div class=\"row-bg-wrap\"> <div class=\"row-bg\" ><\/div> <\/div><div class=\"row_col_wrap_12_inner col span_12  left\">\n\t<div style=\"\" class=\"vc_col-sm-12 wpb_column column_container vc_column_container col child_column no-extra-padding inherit_tablet inherit_phone\"  data-using-bg=\"true\" data-bg-cover=\"true\" data-padding-pos=\"all\" data-has-bg-color=\"false\" data-bg-color=\"\" data-bg-opacity=\"1\" data-animation=\"\" data-delay=\"0\" >\n\t\t<div class=\"vc_column-inner\" ><div class=\"column-image-bg-wrap column-bg-layer viewport-desktop\" data-n-parallax-bg=\"true\" data-parallax-speed=\"fast\" data-bg-pos=\"center center\" data-bg-animation=\"none\" data-bg-overlay=\"false\"><div class=\"inner-wrap\"><div class=\"column-image-bg parallax-layer\" style=\" background-image: url('https:\/\/espaconuvem.com.br\/rjinterior\/wp-content\/uploads\/2023\/11\/presentes_para_casa_espaco_nuvem-scaled-e1700828383482.webp'); \"><\/div><\/div><\/div>\n\t\t<div class=\"wpb_wrapper\">\n\t\t\t<div class=\"divider-wrap height_tablet_40vh height_phone_300px\" data-alignment=\"default\"><div style=\"height: 55vh;\" class=\"divider\"><\/div><\/div>\n\t\t<\/div> \n\t<\/div>\n\t<\/div> \n<\/div><\/div>\n\t\t\t<\/div> \n\t\t<\/div>\n\t<\/div> \n<\/div><\/div>\n\t\t<div id=\"home\"  data-column-margin=\"90px\" data-midnight=\"dark\" data-bottom-percent=\"4%\"  class=\"wpb_row vc_row-fluid vc_row full-width-section vc_row-o-equal-height vc_row-flex vc_row-o-content-middle  top_padding_tablet_8pct bottom_padding_tablet_8pct\"  style=\"padding-top: 0px; padding-bottom: calc(100vw * 0.04); \"><div class=\"row-bg-wrap\" data-bg-animation=\"none\" data-bg-animation-delay=\"\" data-bg-overlay=\"false\"><div class=\"inner-wrap row-bg-layer\" ><div class=\"row-bg viewport-desktop using-bg-color\"  style=\"background-color: #f1ebe0; \"><\/div><\/div><\/div><div class=\"nectar-shape-divider-wrap\" style=\" height:50px;\"  data-height=\"50\" data-front=\"\" data-style=\"curve_asym\" data-position=\"bottom\" ><svg class=\"nectar-shape-divider\" aria-hidden=\"true\" fill=\"#ffffff\" xmlns=\"http:\/\/www.w3.org\/2000\/svg\" viewbox=\"0 0 100 100\" preserveaspectratio=\"none\"> <path d=\"M0 100 C 20 0 50 0 100 100 Z\"><\/path> <\/svg><\/div><div class=\"row_col_wrap_12 col span_12 dark left\">\n\t<div  class=\"vc_col-sm-6 vc_col-xs-12 wpb_column column_container vc_column_container col top_padding_desktop_8pct bottom_padding_desktop_8pct\"  data-padding-pos=\"all\" data-has-bg-color=\"false\" data-bg-color=\"\" data-bg-opacity=\"1\" data-animation=\"\" data-delay=\"0\" >\n\t\t<div class=\"vc_column-inner\" >\n\t\t\t<div class=\"wpb_wrapper\">\n\t\t\t\t<div id=\"fws_69ea11edc35a3\" data-midnight=\"\" data-column-margin=\"default\" class=\"wpb_row vc_row-fluid vc_row inner_row\"  style=\"\"><div class=\"row-bg-wrap\"> <div class=\"row-bg\" ><\/div> <\/div><div class=\"row_col_wrap_12_inner col span_12  left\">\n\t<div style=\"\" class=\"vc_col-sm-12 wpb_column column_container vc_column_container col child_column no-extra-padding inherit_tablet inherit_phone\"  data-using-bg=\"true\" data-bg-cover=\"true\" data-padding-pos=\"all\" data-has-bg-color=\"false\" data-bg-color=\"\" data-bg-opacity=\"1\" data-animation=\"\" data-delay=\"0\" >\n\t\t<div class=\"vc_column-inner\" ><div class=\"column-image-bg-wrap column-bg-layer viewport-desktop\" data-n-parallax-bg=\"true\" data-parallax-speed=\"fast\" data-bg-pos=\"center bottom\" data-bg-animation=\"none\" data-bg-overlay=\"false\"><div class=\"inner-wrap\"><div class=\"column-image-bg parallax-layer\" style=\"\"><\/div><\/div><\/div>\n\t\t<div class=\"wpb_wrapper\">\n\t\t\t<div class=\"divider-wrap height_tablet_40vh height_phone_300px\" data-alignment=\"default\"><div style=\"height: 55vh;\" class=\"divider\"><\/div><\/div>\n\t\t<\/div> \n\t<\/div>\n\t<\/div> \n<\/div><\/div>\n\t\t\t<\/div> \n\t\t<\/div>\n\t<\/div> \n\n\t<div style=\"z-index: 100; \" class=\"vc_col-sm-6 vc_col-xs-12 wpb_column column_container vc_column_container col padding-4-percent el_spacing_10px no-extra-padding_tablet no-extra-padding_phone\"  data-padding-pos=\"right\" data-has-bg-color=\"false\" data-bg-color=\"\" data-bg-opacity=\"1\" data-animation=\"\" data-delay=\"0\" >\n\t\t<div class=\"vc_column-inner\" >\n\t\t\t<div class=\"wpb_wrapper\">\n\t\t\t\t<div id=\"fws_69ea11edc3a3d\" data-midnight=\"\" data-column-margin=\"default\" class=\"wpb_row vc_row-fluid vc_row inner_row\"  style=\"\"><div class=\"row-bg-wrap\"> <div class=\"row-bg\" ><\/div> <\/div><div class=\"row_col_wrap_12_inner col span_12  left\">\n\t<div  class=\"vc_col-sm-12 wpb_column column_container vc_column_container col child_column has-animation no-extra-padding el_spacing_5px inherit_tablet inherit_phone\"   data-padding-pos=\"all\" data-has-bg-color=\"false\" data-bg-color=\"\" data-bg-opacity=\"1\" data-animation=\"fade-in-from-bottom\" data-delay=\"0\" >\n\t\t<div class=\"vc_column-inner\" >\n\t\t<div class=\"wpb_wrapper\">\n\t\t\t<div class=\"nectar-highlighted-text\" data-style=\"scribble\" data-exp=\"default\" data-user-color=\"true\" style=\"color: #ba4938;\" data-using-custom-color=\"false\" data-animation-delay=\"400\" data-color=\"\" data-color-gradient=\"\">\n<h5><em>Como funciona a entrega?<svg class=\"nectar-scribble basic-underline\" role=\"presentation\" viewbox=\"-400 -55 730 60\" preserveaspectratio=\"none\"><path style=\"animation-duration: 1.8s;\" d=\"m -383.25 -6 c 55.25 -22 130.75 -33.5 293.25 -38 c 54.5 -0.5 195 -2.5 401 15\" stroke=\"#ba4938\" pathlength=\"1\" stroke-width=\"14\" fill=\"none\"\/><\/svg><\/em><\/h5>\n<\/div><div class=\"divider-wrap\" data-alignment=\"default\"><div style=\"height: 30px;\" class=\"divider\"><\/div><\/div>\n<div class=\"wpb_text_column wpb_content_element  vc_custom_1692111478187\" >\n\t<div class=\"wpb_wrapper\">\n\t\t<h3>Seguran\u00e7a e confiabilidade<\/h3>\n\t<\/div>\n<\/div>\n\n\n\n\n<div class=\"wpb_text_column wpb_content_element\" >\n\t<div class=\"wpb_wrapper\">\n\t\t<p>Todas as nossas entregas s\u00e3o feitas de moto por nossos entregadores parceiros com toda aten\u00e7\u00e3o e cuidado que esse momento merece. As rotas s\u00e3o feitas de acordo com as entregas do dia dentro da faixa de hor\u00e1rio que nossos clientes selecionaram. N\u00e3o agendamos hor\u00e1rio exato de entrega.<\/p>\n<p>Sempre nos esfor\u00e7amos para entregar sua encomenda em m\u00e3os, mas se o presenteado n\u00e3o estiver dispon\u00edvel deixamos com um respons\u00e1vel.\u00a0 N\u00e3o havendo ningu\u00e9m no local de entrega ser\u00e1 cobrada uma taxa adicional para entregar em outro endere\u00e7o ou voltar em outro hor\u00e1rio.<\/p>\n<p>Fique tranquilo que sua cesta ser\u00e1 entregue na data e hor\u00e1rio que voc\u00ea selecionar no seu pedido.<\/p>\n\t<\/div>\n<\/div>\n\n\n\n\n\t\t<\/div> \n\t<\/div>\n\t<\/div> \n<\/div><\/div>\n\t\t\t<\/div> \n\t\t<\/div>\n\t<\/div> \n<\/div><\/div>","protected":false},"excerpt":{"rendered":"<p><span style=\"font-weight: 400;\">A Cesta de Presente Zen Andr\u00f4meda \u00e9 arrumada dentro da nossa caixa de presente desmont\u00e1vel com design exclusivo para deixar seu presente ainda mais especial.<\/span><\/p>\n<h6><b>O que vai na sua cesta:<\/b><\/h6>\n<ul>\n<li><span style=\"font-weight: 400;\">Vela arom\u00e1tica de ch\u00e1 branco (230g) &#8211; Cole\u00e7\u00e3o Espa\u00e7o Nuvem<\/span><\/li>\n<li><span style=\"font-weight: 400;\">Caixa com 9 varetas de incenso (a escolher) &#8211; Inca Incensos<\/span><\/li>\n<li><span style=\"font-weight: 400;\">Porta incenso de cer\u00e2mica artesanal com a frase &#8220;N\u00e3o quero o que a cabe\u00e7a pensa, quero o que a alma deseja.&#8221; &#8211; Cole\u00e7\u00e3o Espa\u00e7o Nuvem by Gema Martins<\/span><\/li>\n<\/ul>","protected":false},"featured_media":2655,"template":"","meta":[],"product_brand":[],"product_cat":[45,47],"product_tag":[],"class_list":{"0":"post-2654","1":"product","2":"type-product","3":"status-publish","4":"has-post-thumbnail","6":"product_cat-cestas-bem-estar","7":"product_cat-cestas-zen","8":"product_shipping_class-brasil","10":"first","11":"instock","12":"shipping-taxable","13":"purchasable","14":"product-type-simple"},"yoast_head":"<!-- This site is optimized with the Yoast SEO Premium plugin v21.3 (Yoast SEO v26.2) - https:\/\/yoast.com\/wordpress\/plugins\/seo\/ -->\n<title>Espa\u00e7o Nuvem - Cesta de Presente Kit Zen Andr\u00f4meda - interior do Rio de Janeiro<\/title>\n<meta name=\"description\" content=\"Cesta de Presente Kit Zen Andr\u00f4meda com cer\u00e2mica exclusiva entregue no interior do estado do Rio de Janeiro com um cart\u00e3o personalizado.\" \/>\n<meta name=\"robots\" content=\"index, follow, max-snippet:-1, max-image-preview:large, max-video-preview:-1\" \/>\n<link rel=\"canonical\" href=\"https:\/\/espaconuvem.com.br\/rjinterior\/en\/product\/cesta-zen-andromeda\/\" \/>\n<meta property=\"og:locale\" content=\"en_US\" \/>\n<meta property=\"og:type\" content=\"article\" \/>\n<meta property=\"og:title\" content=\"Cesta Zen Andr\u00f4meda\" \/>\n<meta property=\"og:description\" content=\"Cesta de Presente Kit Zen Andr\u00f4meda com cer\u00e2mica exclusiva entregue no interior do estado do Rio de Janeiro com um cart\u00e3o personalizado.\" \/>\n<meta property=\"og:url\" content=\"https:\/\/espaconuvem.com.br\/rjinterior\/en\/product\/cesta-zen-andromeda\/\" \/>\n<meta property=\"og:site_name\" content=\"Espa\u00e7o Nuvem\" \/>\n<meta property=\"article:publisher\" content=\"https:\/\/www.facebook.com\/espaco.nuvem.rj\" \/>\n<meta property=\"article:modified_time\" content=\"2024-07-17T00:39:11+00:00\" \/>\n<meta property=\"og:image\" content=\"https:\/\/espaconuvem.com.br\/rjinterior\/wp-content\/uploads\/2023\/11\/cesta_de_presente_andromeda-scaled.webp\" \/>\n\t<meta property=\"og:image:width\" content=\"1920\" \/>\n\t<meta property=\"og:image:height\" content=\"2560\" \/>\n\t<meta property=\"og:image:type\" content=\"image\/webp\" \/>\n<meta name=\"twitter:card\" content=\"summary_large_image\" \/>\n<meta name=\"twitter:label1\" content=\"Price\" \/>\n\t<meta name=\"twitter:data1\" content=\"&#082;&#036;270,00\" \/>\n\t<meta name=\"twitter:label2\" content=\"Availability\" \/>\n\t<meta name=\"twitter:data2\" content=\"In stock\" \/>\n<script type=\"application\/ld+json\" class=\"yoast-schema-graph\">{\"@context\":\"https:\/\/schema.org\",\"@graph\":[{\"@type\":\"WebPage\",\"@id\":\"https:\/\/espaconuvem.com.br\/rjinterior\/produto\/cesta-zen-andromeda\/\",\"url\":\"https:\/\/espaconuvem.com.br\/rjinterior\/produto\/cesta-zen-andromeda\/\",\"name\":\"Espa\u00e7o Nuvem - Cesta de Presente Kit Zen Andr\u00f4meda - interior do Rio de Janeiro\",\"isPartOf\":{\"@id\":\"https:\/\/espaconuvem.com.br\/rjinterior\/#website\"},\"primaryImageOfPage\":{\"@id\":\"https:\/\/espaconuvem.com.br\/rjinterior\/produto\/cesta-zen-andromeda\/#primaryimage\"},\"image\":{\"@id\":\"https:\/\/espaconuvem.com.br\/rjinterior\/produto\/cesta-zen-andromeda\/#primaryimage\"},\"thumbnailUrl\":\"https:\/\/espaconuvem.com.br\/rjinterior\/wp-content\/uploads\/2023\/11\/cesta_de_presente_andromeda-scaled.webp\",\"datePublished\":\"2023-11-23T20:03:23+00:00\",\"dateModified\":\"2024-07-17T00:39:11+00:00\",\"description\":\"Cesta de Presente Kit Zen Andr\u00f4meda com cer\u00e2mica exclusiva entregue no interior do estado do Rio de Janeiro com um cart\u00e3o personalizado.\",\"breadcrumb\":{\"@id\":\"https:\/\/espaconuvem.com.br\/rjinterior\/produto\/cesta-zen-andromeda\/#breadcrumb\"},\"inLanguage\":\"en-US\",\"potentialAction\":[{\"@type\":\"ReadAction\",\"target\":[\"https:\/\/espaconuvem.com.br\/rjinterior\/produto\/cesta-zen-andromeda\/\"]}]},{\"@type\":\"ImageObject\",\"inLanguage\":\"en-US\",\"@id\":\"https:\/\/espaconuvem.com.br\/rjinterior\/produto\/cesta-zen-andromeda\/#primaryimage\",\"url\":\"https:\/\/espaconuvem.com.br\/rjinterior\/wp-content\/uploads\/2023\/11\/cesta_de_presente_andromeda-scaled.webp\",\"contentUrl\":\"https:\/\/espaconuvem.com.br\/rjinterior\/wp-content\/uploads\/2023\/11\/cesta_de_presente_andromeda-scaled.webp\",\"width\":1920,\"height\":2560,\"caption\":\"Cesta de Presente para Casa - Rio de Janeiro RJ\"},{\"@type\":\"BreadcrumbList\",\"@id\":\"https:\/\/espaconuvem.com.br\/rjinterior\/produto\/cesta-zen-andromeda\/#breadcrumb\",\"itemListElement\":[{\"@type\":\"ListItem\",\"position\":1,\"name\":\"In\u00edcio\",\"item\":\"https:\/\/espaconuvem.com.br\/rjinterior\/\"},{\"@type\":\"ListItem\",\"position\":2,\"name\":\"Loja\",\"item\":\"https:\/\/espaconuvem.com.br\/rjinterior\/loja\/\"},{\"@type\":\"ListItem\",\"position\":3,\"name\":\"Cesta Zen Andr\u00f4meda\"}]},{\"@type\":\"WebSite\",\"@id\":\"https:\/\/espaconuvem.com.br\/rjinterior\/#website\",\"url\":\"https:\/\/espaconuvem.com.br\/rjinterior\/\",\"name\":\"Espa\u00e7o Nuvem - Cestas de Presente\",\"description\":\"Cestas de Caf\u00e9 da Manh\u00e3 e Cestas de Queijos e Vinho\",\"publisher\":{\"@id\":\"https:\/\/espaconuvem.com.br\/rjinterior\/#organization\"},\"alternateName\":\"Espa\u00e7o Nuvem - Cestas de Presente\",\"potentialAction\":[{\"@type\":\"SearchAction\",\"target\":{\"@type\":\"EntryPoint\",\"urlTemplate\":\"https:\/\/espaconuvem.com.br\/rjinterior\/?s={search_term_string}\"},\"query-input\":{\"@type\":\"PropertyValueSpecification\",\"valueRequired\":true,\"valueName\":\"search_term_string\"}}],\"inLanguage\":\"en-US\"},{\"@type\":\"Organization\",\"@id\":\"https:\/\/espaconuvem.com.br\/rjinterior\/#organization\",\"name\":\"Espa\u00e7o Nuvem - Cestas de Presente\",\"url\":\"https:\/\/espaconuvem.com.br\/rjinterior\/\",\"logo\":{\"@type\":\"ImageObject\",\"inLanguage\":\"en-US\",\"@id\":\"https:\/\/espaconuvem.com.br\/rjinterior\/#\/schema\/logo\/image\/\",\"url\":\"https:\/\/i0.wp.com\/espaconuvem.com.br\/wp-content\/uploads\/2023\/08\/Artboard-11-2.png?fit=277%2C86&ssl=1\",\"contentUrl\":\"https:\/\/i0.wp.com\/espaconuvem.com.br\/wp-content\/uploads\/2023\/08\/Artboard-11-2.png?fit=277%2C86&ssl=1\",\"width\":277,\"height\":86,\"caption\":\"Espa\u00e7o Nuvem - Cestas de Presente\"},\"image\":{\"@id\":\"https:\/\/espaconuvem.com.br\/rjinterior\/#\/schema\/logo\/image\/\"},\"sameAs\":[\"https:\/\/www.facebook.com\/espaco.nuvem.rj\",\"https:\/\/www.instagram.com\/espaco.nuvem\/\"]}]}<\/script>\n<meta property=\"product:price:amount\" content=\"270.00\" \/>\n<meta property=\"product:price:currency\" content=\"BRL\" \/>\n<meta property=\"og:availability\" content=\"instock\" \/>\n<meta property=\"product:availability\" content=\"instock\" \/>\n<meta property=\"product:retailer_item_id\" content=\"0002-1-1\" \/>\n<meta property=\"product:condition\" content=\"new\" \/>\n<!-- \/ Yoast SEO Premium plugin. -->","yoast_head_json":{"title":"Espa\u00e7o Nuvem - Cesta de Presente Kit Zen Andr\u00f4meda - interior do Rio de Janeiro","description":"Cesta de Presente Kit Zen Andr\u00f4meda com cer\u00e2mica exclusiva entregue no interior do estado do Rio de Janeiro com um cart\u00e3o personalizado.","robots":{"index":"index","follow":"follow","max-snippet":"max-snippet:-1","max-image-preview":"max-image-preview:large","max-video-preview":"max-video-preview:-1"},"canonical":"https:\/\/espaconuvem.com.br\/rjinterior\/en\/product\/cesta-zen-andromeda\/","og_locale":"en_US","og_type":"article","og_title":"Cesta Zen Andr\u00f4meda","og_description":"Cesta de Presente Kit Zen Andr\u00f4meda com cer\u00e2mica exclusiva entregue no interior do estado do Rio de Janeiro com um cart\u00e3o personalizado.","og_url":"https:\/\/espaconuvem.com.br\/rjinterior\/en\/product\/cesta-zen-andromeda\/","og_site_name":"Espa\u00e7o Nuvem","article_publisher":"https:\/\/www.facebook.com\/espaco.nuvem.rj","article_modified_time":"2024-07-17T00:39:11+00:00","og_image":[{"width":1920,"height":2560,"url":"https:\/\/espaconuvem.com.br\/rjinterior\/wp-content\/uploads\/2023\/11\/cesta_de_presente_andromeda-scaled.webp","type":"image\/webp"}],"twitter_card":"summary_large_image","twitter_misc":{"Price":"&#82;&#36;270,00","Availability":"In stock"},"schema":{"@context":"https:\/\/schema.org","@graph":[{"@type":"WebPage","@id":"https:\/\/espaconuvem.com.br\/rjinterior\/produto\/cesta-zen-andromeda\/","url":"https:\/\/espaconuvem.com.br\/rjinterior\/produto\/cesta-zen-andromeda\/","name":"Espa\u00e7o Nuvem - Cesta de Presente Kit Zen Andr\u00f4meda - interior do Rio de Janeiro","isPartOf":{"@id":"https:\/\/espaconuvem.com.br\/rjinterior\/#website"},"primaryImageOfPage":{"@id":"https:\/\/espaconuvem.com.br\/rjinterior\/produto\/cesta-zen-andromeda\/#primaryimage"},"image":{"@id":"https:\/\/espaconuvem.com.br\/rjinterior\/produto\/cesta-zen-andromeda\/#primaryimage"},"thumbnailUrl":"https:\/\/espaconuvem.com.br\/rjinterior\/wp-content\/uploads\/2023\/11\/cesta_de_presente_andromeda-scaled.webp","datePublished":"2023-11-23T20:03:23+00:00","dateModified":"2024-07-17T00:39:11+00:00","description":"Cesta de Presente Kit Zen Andr\u00f4meda com cer\u00e2mica exclusiva entregue no interior do estado do Rio de Janeiro com um cart\u00e3o personalizado.","breadcrumb":{"@id":"https:\/\/espaconuvem.com.br\/rjinterior\/produto\/cesta-zen-andromeda\/#breadcrumb"},"inLanguage":"en-US","potentialAction":[{"@type":"ReadAction","target":["https:\/\/espaconuvem.com.br\/rjinterior\/produto\/cesta-zen-andromeda\/"]}]},{"@type":"ImageObject","inLanguage":"en-US","@id":"https:\/\/espaconuvem.com.br\/rjinterior\/produto\/cesta-zen-andromeda\/#primaryimage","url":"https:\/\/espaconuvem.com.br\/rjinterior\/wp-content\/uploads\/2023\/11\/cesta_de_presente_andromeda-scaled.webp","contentUrl":"https:\/\/espaconuvem.com.br\/rjinterior\/wp-content\/uploads\/2023\/11\/cesta_de_presente_andromeda-scaled.webp","width":1920,"height":2560,"caption":"Cesta de Presente para Casa - Rio de Janeiro RJ"},{"@type":"BreadcrumbList","@id":"https:\/\/espaconuvem.com.br\/rjinterior\/produto\/cesta-zen-andromeda\/#breadcrumb","itemListElement":[{"@type":"ListItem","position":1,"name":"In\u00edcio","item":"https:\/\/espaconuvem.com.br\/rjinterior\/"},{"@type":"ListItem","position":2,"name":"Loja","item":"https:\/\/espaconuvem.com.br\/rjinterior\/loja\/"},{"@type":"ListItem","position":3,"name":"Cesta Zen Andr\u00f4meda"}]},{"@type":"WebSite","@id":"https:\/\/espaconuvem.com.br\/rjinterior\/#website","url":"https:\/\/espaconuvem.com.br\/rjinterior\/","name":"Espa\u00e7o Nuvem - Cestas de Presente","description":"Cestas de Caf\u00e9 da Manh\u00e3 e Cestas de Queijos e Vinho","publisher":{"@id":"https:\/\/espaconuvem.com.br\/rjinterior\/#organization"},"alternateName":"Espa\u00e7o Nuvem - Cestas de Presente","potentialAction":[{"@type":"SearchAction","target":{"@type":"EntryPoint","urlTemplate":"https:\/\/espaconuvem.com.br\/rjinterior\/?s={search_term_string}"},"query-input":{"@type":"PropertyValueSpecification","valueRequired":true,"valueName":"search_term_string"}}],"inLanguage":"en-US"},{"@type":"Organization","@id":"https:\/\/espaconuvem.com.br\/rjinterior\/#organization","name":"Espa\u00e7o Nuvem - Cestas de Presente","url":"https:\/\/espaconuvem.com.br\/rjinterior\/","logo":{"@type":"ImageObject","inLanguage":"en-US","@id":"https:\/\/espaconuvem.com.br\/rjinterior\/#\/schema\/logo\/image\/","url":"https:\/\/i0.wp.com\/espaconuvem.com.br\/wp-content\/uploads\/2023\/08\/Artboard-11-2.png?fit=277%2C86&ssl=1","contentUrl":"https:\/\/i0.wp.com\/espaconuvem.com.br\/wp-content\/uploads\/2023\/08\/Artboard-11-2.png?fit=277%2C86&ssl=1","width":277,"height":86,"caption":"Espa\u00e7o Nuvem - Cestas de Presente"},"image":{"@id":"https:\/\/espaconuvem.com.br\/rjinterior\/#\/schema\/logo\/image\/"},"sameAs":["https:\/\/www.facebook.com\/espaco.nuvem.rj","https:\/\/www.instagram.com\/espaco.nuvem\/"]}]},"product_price_amount":"270.00","product_price_currency":"BRL","og_availability":"instock","product_availability":"instock","product_retailer_item_id":"0002-1-1","product_condition":"new"},"jetpack_sharing_enabled":true,"_links":{"self":[{"href":"https:\/\/espaconuvem.com.br\/rjinterior\/en\/wp-json\/wp\/v2\/product\/2654","targetHints":{"allow":["GET"]}}],"collection":[{"href":"https:\/\/espaconuvem.com.br\/rjinterior\/en\/wp-json\/wp\/v2\/product"}],"about":[{"href":"https:\/\/espaconuvem.com.br\/rjinterior\/en\/wp-json\/wp\/v2\/types\/product"}],"wp:featuredmedia":[{"embeddable":true,"href":"https:\/\/espaconuvem.com.br\/rjinterior\/en\/wp-json\/wp\/v2\/media\/2655"}],"wp:attachment":[{"href":"https:\/\/espaconuvem.com.br\/rjinterior\/en\/wp-json\/wp\/v2\/media?parent=2654"}],"wp:term":[{"taxonomy":"product_brand","embeddable":true,"href":"https:\/\/espaconuvem.com.br\/rjinterior\/en\/wp-json\/wp\/v2\/product_brand?post=2654"},{"taxonomy":"product_cat","embeddable":true,"href":"https:\/\/espaconuvem.com.br\/rjinterior\/en\/wp-json\/wp\/v2\/product_cat?post=2654"},{"taxonomy":"product_tag","embeddable":true,"href":"https:\/\/espaconuvem.com.br\/rjinterior\/en\/wp-json\/wp\/v2\/product_tag?post=2654"}],"curies":[{"name":"wp","href":"https:\/\/api.w.org\/{rel}","templated":true}]}}