{"id":2296,"date":"2023-10-10T12:33:32","date_gmt":"2023-10-10T15:33:32","guid":{"rendered":"https:\/\/espaconuvem.com.br\/rjinterior\/?page_id=2296"},"modified":"2023-10-10T14:45:09","modified_gmt":"2023-10-10T17:45:09","slug":"criar-conta","status":"publish","type":"page","link":"https:\/\/espaconuvem.com.br\/rjinterior\/en\/criar-conta\/","title":{"rendered":"Criar conta"},"content":{"rendered":"<div id=\"fws_69ea58790850e\"  data-column-margin=\"default\" data-midnight=\"dark\"  class=\"wpb_row vc_row-fluid vc_row\"  style=\"padding-top: 0px; padding-bottom: 0px; \"><div class=\"row-bg-wrap\" data-bg-animation=\"none\" data-bg-animation-delay=\"\" data-bg-overlay=\"false\"><div class=\"inner-wrap row-bg-layer\" ><div class=\"row-bg viewport-desktop\"  style=\"\"><\/div><\/div><\/div><div class=\"row_col_wrap_12 col span_12 dark left\">\n\t<div  class=\"vc_col-sm-12 wpb_column column_container vc_column_container col no-extra-padding inherit_tablet inherit_phone\"  data-padding-pos=\"all\" data-has-bg-color=\"false\" data-bg-color=\"\" data-bg-opacity=\"1\" data-animation=\"\" data-delay=\"0\" >\n\t\t<div class=\"vc_column-inner\" >\n\t\t\t<div class=\"wpb_wrapper\">\n\t\t\t\t\n<div class=\"wpb_text_column wpb_content_element\" >\n\t<div class=\"wpb_wrapper\">\n\t\t<div class=\"registration\" id=\"wpuf-registration-form\">\n\n    \n            \n    <form name=\"registrationform\" class=\"wpuf-registration-form\" id=\"registrationform\" action=\"https:\/\/espaconuvem.com.br\/rjinterior\/en\/criar-conta\/\" method=\"post\" data-trp-original-action=\"https:\/\/espaconuvem.com.br\/rjinterior\/en\/criar-conta\/\">\n\n        <ul class=\"wpuf-form form-label-above\">\n            <li>\n                <div class=\"wpuf-label\">Name <span class=\"required\">*<\/span><\/div>\n                <div class=\"wpuf-fields\">\n                    <div class=\"wpuf-name-field-wrap format-first-last\">\n                        <div class=\"wpuf-name-field-first-name\">\n                            <input type=\"text\" name=\"reg_fname\" id=\"wpuf-user_fname\" class=\"input\" value=\"\" size=\"\" \/>\n                            <label class=\"wpuf-form-sub-label\">First<\/label>\n                        <\/div>\n\n                        <div class=\"wpuf-name-field-last-name\">\n                            <input type=\"text\" name=\"reg_lname\" id=\"wpuf-user_lname\" class=\"input\" value=\"\" size=\"16\" \/>\n                            <label class=\"wpuf-form-sub-label\">Last<\/label>\n                        <\/div>\n                    <\/div>\n                <\/div>\n            <\/li>\n\n            <li>\n                <div class=\"wpuf-label\">Email <span class=\"required\">*<\/span><\/div>\n                <div class=\"wpuf-fields\">\n                    <input type=\"text\" name=\"reg_email\" id=\"wpuf-user_email\" class=\"input\" value=\"\" size=\"40\">\n                <\/div>\n            <\/li>\n\n            <li>\n                <div class=\"wpuf-label\">Username <span class=\"required\">*<\/span><\/div>\n                <div class=\"wpuf-fields\">\n                    <input type=\"text\" name=\"log\" id=\"wpuf-user_login\" class=\"input\" value=\"\" size=\"40\" \/>\n                <\/div>\n            <\/li>\n\n            <li>\n                <div class=\"wpuf-label\">Password <span class=\"required\">*<\/span><\/div>\n                <div class=\"wpuf-fields-inline\" style=\"position: relative; width: fit-content\">\n                    <input type=\"password\" name=\"pwd1\" id=\"wpuf-user_pass1\" class=\"input\" value=\"\" size=\"40\" \/>\n                    <img decoding=\"async\" class=\"wpuf-eye\" src=\"https:\/\/espaconuvem.com.br\/rjinterior\/wp-content\/plugins\/wp-user-frontend\/assets\/images\/eye.svg\" alt=\"\">\n                <\/div>\n            <\/li>\n\n            <li>\n                <div class=\"wpuf-label\">Confirm Password <span class=\"required\">*<\/span><\/div>\n                <div class=\"wpuf-fields-inline\" style=\"position: relative; width: fit-content\">\n                    <input type=\"password\" name=\"pwd2\" id=\"wpuf-user_pass2\" class=\"input\" value=\"\" size=\"40\" \/>\n                    <img decoding=\"async\" class=\"wpuf-eye\" src=\"https:\/\/espaconuvem.com.br\/rjinterior\/wp-content\/plugins\/wp-user-frontend\/assets\/images\/eye.svg\" alt=\"\">\n                <\/div>\n            <\/li>\n\n            <li class=\"wpuf-submit\">\n                <input type=\"submit\" name=\"wp-submit\" id=\"wp-submit\" value=\"Register\" \/>\n                <input type=\"hidden\" name=\"urhidden\" value=\"yIgQRjMSZyAqtl6KhsJhEg==\" \/>\n                <input type=\"hidden\" name=\"user_nonce\" value=\"7ypLOH+U\/3lVYFEWxqS3WhRZYN5Jggfz\" \/>\n                <input type=\"hidden\" name=\"redirect_to\" value=\"\" \/>\n                <input type=\"hidden\" name=\"wpuf_registration\" value=\"true\" \/>\n                <input type=\"hidden\" name=\"action\" value=\"registration\" \/>\n\n                <input type=\"hidden\" id=\"_wpnonce\" name=\"_wpnonce\" value=\"98622f4900\" \/><input type=\"hidden\" name=\"_wp_http_referer\" value=\"\/rjinterior\/en\/wp-json\/wp\/v2\/pages\/2296\" \/>            <\/li>\n\n            <li>\n                <a href=\"https:\/\/espaconuvem.com.br\/rjinterior\/en\/login\/\">Log In<\/a> | <a href=\"https:\/\/espaconuvem.com.br\/rjinterior\/en\/login\/?action=lostpassword\">Lost Password<\/a>            <\/li>\n\n            \n        <\/ul>\n    <input type=\"hidden\" name=\"trp-form-language\" value=\"en\"\/><\/form>\n<\/div>\n\n\t<\/div>\n<\/div>\n\n\n\n\n\t\t\t<\/div> \n\t\t<\/div>\n\t<\/div> \n<\/div><\/div>","protected":false},"excerpt":{"rendered":"Name * First Last Email * Username * Password * Confirm Password * Log In | Lost Password","protected":false},"author":2,"featured_media":0,"parent":0,"menu_order":0,"comment_status":"closed","ping_status":"closed","template":"","meta":{"footnotes":""},"class_list":["post-2296","page","type-page","status-publish"],"yoast_head":"<!-- This site is optimized with the Yoast SEO Premium plugin v21.3 (Yoast SEO v26.2) - https:\/\/yoast.com\/wordpress\/plugins\/seo\/ -->\n<title>Criar conta - Espa\u00e7o Nuvem<\/title>\n<meta name=\"robots\" content=\"index, follow, max-snippet:-1, max-image-preview:large, max-video-preview:-1\" \/>\n<link rel=\"canonical\" href=\"https:\/\/espaconuvem.com.br\/rjinterior\/en\/criar-conta\/\" \/>\n<meta property=\"og:locale\" content=\"en_US\" \/>\n<meta property=\"og:type\" content=\"article\" \/>\n<meta property=\"og:title\" content=\"Criar conta\" \/>\n<meta property=\"og:url\" content=\"https:\/\/espaconuvem.com.br\/rjinterior\/en\/criar-conta\/\" \/>\n<meta property=\"og:site_name\" content=\"Espa\u00e7o Nuvem\" \/>\n<meta property=\"article:publisher\" content=\"https:\/\/www.facebook.com\/espaco.nuvem.rj\" \/>\n<meta property=\"article:modified_time\" content=\"2023-10-10T17:45:09+00:00\" \/>\n<meta name=\"twitter:card\" content=\"summary_large_image\" \/>\n<meta name=\"twitter:label1\" content=\"Est. reading time\" \/>\n\t<meta name=\"twitter:data1\" content=\"1 minute\" \/>\n<script type=\"application\/ld+json\" class=\"yoast-schema-graph\">{\"@context\":\"https:\/\/schema.org\",\"@graph\":[{\"@type\":\"WebPage\",\"@id\":\"https:\/\/espaconuvem.com.br\/rjinterior\/criar-conta\/\",\"url\":\"https:\/\/espaconuvem.com.br\/rjinterior\/criar-conta\/\",\"name\":\"Criar conta - Espa\u00e7o Nuvem\",\"isPartOf\":{\"@id\":\"https:\/\/espaconuvem.com.br\/rjinterior\/#website\"},\"datePublished\":\"2023-10-10T15:33:32+00:00\",\"dateModified\":\"2023-10-10T17:45:09+00:00\",\"breadcrumb\":{\"@id\":\"https:\/\/espaconuvem.com.br\/rjinterior\/criar-conta\/#breadcrumb\"},\"inLanguage\":\"en-US\",\"potentialAction\":[{\"@type\":\"ReadAction\",\"target\":[\"https:\/\/espaconuvem.com.br\/rjinterior\/criar-conta\/\"]}]},{\"@type\":\"BreadcrumbList\",\"@id\":\"https:\/\/espaconuvem.com.br\/rjinterior\/criar-conta\/#breadcrumb\",\"itemListElement\":[{\"@type\":\"ListItem\",\"position\":1,\"name\":\"In\u00edcio\",\"item\":\"https:\/\/espaconuvem.com.br\/rjinterior\/\"},{\"@type\":\"ListItem\",\"position\":2,\"name\":\"Criar conta\"}]},{\"@type\":\"WebSite\",\"@id\":\"https:\/\/espaconuvem.com.br\/rjinterior\/#website\",\"url\":\"https:\/\/espaconuvem.com.br\/rjinterior\/\",\"name\":\"Espa\u00e7o Nuvem - Cestas de Presente\",\"description\":\"Cestas de Caf\u00e9 da Manh\u00e3 e Cestas de Queijos e Vinho\",\"publisher\":{\"@id\":\"https:\/\/espaconuvem.com.br\/rjinterior\/#organization\"},\"alternateName\":\"Espa\u00e7o Nuvem - Cestas de Presente\",\"potentialAction\":[{\"@type\":\"SearchAction\",\"target\":{\"@type\":\"EntryPoint\",\"urlTemplate\":\"https:\/\/espaconuvem.com.br\/rjinterior\/?s={search_term_string}\"},\"query-input\":{\"@type\":\"PropertyValueSpecification\",\"valueRequired\":true,\"valueName\":\"search_term_string\"}}],\"inLanguage\":\"en-US\"},{\"@type\":\"Organization\",\"@id\":\"https:\/\/espaconuvem.com.br\/rjinterior\/#organization\",\"name\":\"Espa\u00e7o Nuvem - Cestas de Presente\",\"url\":\"https:\/\/espaconuvem.com.br\/rjinterior\/\",\"logo\":{\"@type\":\"ImageObject\",\"inLanguage\":\"en-US\",\"@id\":\"https:\/\/espaconuvem.com.br\/rjinterior\/#\/schema\/logo\/image\/\",\"url\":\"https:\/\/i0.wp.com\/espaconuvem.com.br\/wp-content\/uploads\/2023\/08\/Artboard-11-2.png?fit=277%2C86&ssl=1\",\"contentUrl\":\"https:\/\/i0.wp.com\/espaconuvem.com.br\/wp-content\/uploads\/2023\/08\/Artboard-11-2.png?fit=277%2C86&ssl=1\",\"width\":277,\"height\":86,\"caption\":\"Espa\u00e7o Nuvem - Cestas de Presente\"},\"image\":{\"@id\":\"https:\/\/espaconuvem.com.br\/rjinterior\/#\/schema\/logo\/image\/\"},\"sameAs\":[\"https:\/\/www.facebook.com\/espaco.nuvem.rj\",\"https:\/\/www.instagram.com\/espaco.nuvem\/\"]}]}<\/script>\n<!-- \/ Yoast SEO Premium plugin. -->","yoast_head_json":{"title":"Criar conta - Espa\u00e7o Nuvem","robots":{"index":"index","follow":"follow","max-snippet":"max-snippet:-1","max-image-preview":"max-image-preview:large","max-video-preview":"max-video-preview:-1"},"canonical":"https:\/\/espaconuvem.com.br\/rjinterior\/en\/criar-conta\/","og_locale":"en_US","og_type":"article","og_title":"Criar conta","og_url":"https:\/\/espaconuvem.com.br\/rjinterior\/en\/criar-conta\/","og_site_name":"Espa\u00e7o Nuvem","article_publisher":"https:\/\/www.facebook.com\/espaco.nuvem.rj","article_modified_time":"2023-10-10T17:45:09+00:00","twitter_card":"summary_large_image","twitter_misc":{"Est. reading time":"1 minute"},"schema":{"@context":"https:\/\/schema.org","@graph":[{"@type":"WebPage","@id":"https:\/\/espaconuvem.com.br\/rjinterior\/criar-conta\/","url":"https:\/\/espaconuvem.com.br\/rjinterior\/criar-conta\/","name":"Criar conta - Espa\u00e7o Nuvem","isPartOf":{"@id":"https:\/\/espaconuvem.com.br\/rjinterior\/#website"},"datePublished":"2023-10-10T15:33:32+00:00","dateModified":"2023-10-10T17:45:09+00:00","breadcrumb":{"@id":"https:\/\/espaconuvem.com.br\/rjinterior\/criar-conta\/#breadcrumb"},"inLanguage":"en-US","potentialAction":[{"@type":"ReadAction","target":["https:\/\/espaconuvem.com.br\/rjinterior\/criar-conta\/"]}]},{"@type":"BreadcrumbList","@id":"https:\/\/espaconuvem.com.br\/rjinterior\/criar-conta\/#breadcrumb","itemListElement":[{"@type":"ListItem","position":1,"name":"In\u00edcio","item":"https:\/\/espaconuvem.com.br\/rjinterior\/"},{"@type":"ListItem","position":2,"name":"Criar conta"}]},{"@type":"WebSite","@id":"https:\/\/espaconuvem.com.br\/rjinterior\/#website","url":"https:\/\/espaconuvem.com.br\/rjinterior\/","name":"Espa\u00e7o Nuvem - Cestas de Presente","description":"Cestas de Caf\u00e9 da Manh\u00e3 e Cestas de Queijos e Vinho","publisher":{"@id":"https:\/\/espaconuvem.com.br\/rjinterior\/#organization"},"alternateName":"Espa\u00e7o Nuvem - Cestas de Presente","potentialAction":[{"@type":"SearchAction","target":{"@type":"EntryPoint","urlTemplate":"https:\/\/espaconuvem.com.br\/rjinterior\/?s={search_term_string}"},"query-input":{"@type":"PropertyValueSpecification","valueRequired":true,"valueName":"search_term_string"}}],"inLanguage":"en-US"},{"@type":"Organization","@id":"https:\/\/espaconuvem.com.br\/rjinterior\/#organization","name":"Espa\u00e7o Nuvem - Cestas de Presente","url":"https:\/\/espaconuvem.com.br\/rjinterior\/","logo":{"@type":"ImageObject","inLanguage":"en-US","@id":"https:\/\/espaconuvem.com.br\/rjinterior\/#\/schema\/logo\/image\/","url":"https:\/\/i0.wp.com\/espaconuvem.com.br\/wp-content\/uploads\/2023\/08\/Artboard-11-2.png?fit=277%2C86&ssl=1","contentUrl":"https:\/\/i0.wp.com\/espaconuvem.com.br\/wp-content\/uploads\/2023\/08\/Artboard-11-2.png?fit=277%2C86&ssl=1","width":277,"height":86,"caption":"Espa\u00e7o Nuvem - Cestas de Presente"},"image":{"@id":"https:\/\/espaconuvem.com.br\/rjinterior\/#\/schema\/logo\/image\/"},"sameAs":["https:\/\/www.facebook.com\/espaco.nuvem.rj","https:\/\/www.instagram.com\/espaco.nuvem\/"]}]}},"jetpack_sharing_enabled":true,"_links":{"self":[{"href":"https:\/\/espaconuvem.com.br\/rjinterior\/en\/wp-json\/wp\/v2\/pages\/2296","targetHints":{"allow":["GET"]}}],"collection":[{"href":"https:\/\/espaconuvem.com.br\/rjinterior\/en\/wp-json\/wp\/v2\/pages"}],"about":[{"href":"https:\/\/espaconuvem.com.br\/rjinterior\/en\/wp-json\/wp\/v2\/types\/page"}],"author":[{"embeddable":true,"href":"https:\/\/espaconuvem.com.br\/rjinterior\/en\/wp-json\/wp\/v2\/users\/2"}],"replies":[{"embeddable":true,"href":"https:\/\/espaconuvem.com.br\/rjinterior\/en\/wp-json\/wp\/v2\/comments?post=2296"}],"version-history":[{"count":4,"href":"https:\/\/espaconuvem.com.br\/rjinterior\/en\/wp-json\/wp\/v2\/pages\/2296\/revisions"}],"predecessor-version":[{"id":2315,"href":"https:\/\/espaconuvem.com.br\/rjinterior\/en\/wp-json\/wp\/v2\/pages\/2296\/revisions\/2315"}],"wp:attachment":[{"href":"https:\/\/espaconuvem.com.br\/rjinterior\/en\/wp-json\/wp\/v2\/media?parent=2296"}],"curies":[{"name":"wp","href":"https:\/\/api.w.org\/{rel}","templated":true}]}}